{"id":7597,"date":"2019-07-22T11:33:37","date_gmt":"2019-07-22T09:33:37","guid":{"rendered":"https:\/\/www.stop-finning-eu.org\/demand\/"},"modified":"2022-02-14T22:11:15","modified_gmt":"2022-02-14T21:11:15","slug":"kravet","status":"publish","type":"page","link":"https:\/\/dev.stop-finning-eu.org\/sv\/kravet\/","title":{"rendered":"Kravet"},"content":{"rendered":"<p><div class=\"fusion-fullwidth fullwidth-box fusion-builder-row-1 nonhundred-percent-fullwidth non-hundred-percent-height-scrolling\" style=\"background-color: #25292b;background-position: left top;background-repeat: no-repeat;padding-top:100px;padding-right:0px;padding-bottom:0px;padding-left:0px;margin-bottom: 0px;margin-top: 0px;border-width: 0px 0px 0px 0px;border-color:#25292b;border-style:solid;\" ><div class=\"fusion-builder-row fusion-row\"><div class=\"fusion-layout-column fusion_builder_column fusion-builder-column-0 fusion_builder_column_1_1 1_1 fusion-one-full fusion-column-first fusion-column-last fusion-column-no-min-height\" style=\"margin-top:0px;margin-bottom:0px;\"><div class=\"fusion-column-wrapper fusion-flex-column-wrapper-legacy\" style=\"background-position:left top;background-repeat:no-repeat;-webkit-background-size:cover;-moz-background-size:cover;-o-background-size:cover;background-size:cover;padding: 0px 0px 0px 0px;\"><div class=\"fusion-text fusion-text-1\"><h2 style=\"text-align: left;\">Kravet<\/h2>\n<\/div><div class=\"fusion-clearfix\"><\/div><\/div><\/div><\/div><\/div><div class=\"fusion-fullwidth fullwidth-box fusion-builder-row-2 nonhundred-percent-fullwidth non-hundred-percent-height-scrolling\" style=\"background-color: #25292b;background-position: center center;background-repeat: no-repeat;padding-top:0px;padding-right:0px;padding-bottom:70px;padding-left:0px;margin-bottom: 0px;margin-top: 0px;border-width: 0px 0px 0px 0px;border-color:#25292b;border-style:solid;\" ><div class=\"fusion-builder-row fusion-row\"><div class=\"fusion-layout-column fusion_builder_column fusion-builder-column-1 fusion_builder_column_1_2 1_2 fusion-one-half fusion-column-first\" style=\"width:50%;width:calc(50% - ( ( 4% ) * 0.5 ) );margin-right: 4%;margin-top:0px;margin-bottom:20px;\"><div class=\"fusion-column-wrapper fusion-flex-column-wrapper-legacy\" style=\"background-position:left top;background-repeat:no-repeat;-webkit-background-size:cover;-moz-background-size:cover;-o-background-size:cover;background-size:cover;padding: 0px 0px 0px 0px;\"><div class=\"fusion-text fusion-text-2\"><p>Varje \u00e5r d\u00f6r mellan 63 och 273 miljoner hajar till f\u00f6ljd av fiske.[1] Detta \u00e4r troligtvis en underskattning, eftersom det saknas tillf\u00f6rlitliga uppgifter och det globala antalet orapporterade fall av olagligt fiske \u00e4r extremt stort. Hajar jagas \u00f6ver hela v\u00e4rlden, fr\u00e4mst p\u00e5 grund av sina fenor. Dessa \u00e4ts s\u00e4rskilt i den asiatiska regionen som hajfenssoppa. F\u00f6r denna p\u00e5st\u00e5dda delikatess, som bara inneh\u00e5ller n\u00e5gra gram fenor, kr\u00e4vs upp till 90 \u20ac[2] En lukrativ verksamhet med enorma vinstmarginaler p\u00e5 hajarnas bekostnad!<\/p>\n<p>Fenorna utvinnas ofta p\u00e5 ett grymt s\u00e4tt genom &#8221;finning&#8221;. Finning \u2013 hajfensfiske \u2013 betyder att hajarnas fenor sk\u00e4rs av till sj\u00f6ss medan djuret fortfarande kan leva. Resten av hajen kastas \u00f6verbord eftersom k\u00f6ttet \u00e4r n\u00e4stan v\u00e4rdel\u00f6st j\u00e4mf\u00f6rt med fenorna. Utan fenor sjunker hajarna p\u00e5 havsbotten d\u00e4r de kv\u00e4vs, bl\u00f6der ihj\u00e4l eller \u00e4ts levande.<\/p>\n<p>Denna hajfenor-verksamhet drivs ocks\u00e5 fr\u00e5n Europa.<\/p>\n<p>Sedan 2013 f\u00f6rbjuder &#8221;Fins Naturally Attached&#8221; -f\u00f6rordningen i Europeiska unionen utan undantag lagring, omlastning och landning av alla hajfenor i EU: s vatten och p\u00e5 alla EU-fartyg. Fenorna m\u00e5ste f\u00f6rbli naturligt f\u00e4sta vid hajkroppen n\u00e4r fartyget lossas i hamn. Fenorna kan sedan separeras fr\u00e5n djuret och exporteras till Asien.<\/p>\n<p>Endast i 2016 landade Spanien officiellt 53 000 ton bl\u00e5haj, vilket motsvarar cirka 1,75 miljoner djur.[3] Trots det \u00f6kande hotet[4] har till exempel den totala f\u00e5ngsten av bl\u00e5hajar i Atlanten n\u00e4stan f\u00f6rdubblats sedan b\u00f6rjan av \u00e5rtusendet. Dessutom jagas andra hajarter, av vilka n\u00e5gra \u00e4r mer hotade, till exempel makohajen och h\u00e5brand i Europa.<\/p>\n<p>Denna f\u00e5ngst \u00e4r l\u00f6nsamt n\u00e4stan bara p\u00e5 grund av fenorna. I genomsnitt exporteras knappt 3 500 ton fenor till ett totalt v\u00e4rde av cirka 52 miljoner euro[5] fr\u00e5n EU varje \u00e5r. Eftersom inspektioner av fiskefartyg till sj\u00f6ss \u00e4r bara sporadiska kan ingen med s\u00e4kerhet s\u00e4ga hur m\u00e5nga hajfenor fortfarande landas olagligt i Europa.[6]<\/p>\n<\/div><div class=\"fusion-clearfix\"><\/div><\/div><\/div><div class=\"fusion-layout-column fusion_builder_column fusion-builder-column-2 fusion_builder_column_1_2 1_2 fusion-one-half fusion-column-last\" style=\"width:50%;width:calc(50% - ( ( 4% ) * 0.5 ) );margin-top:0px;margin-bottom:20px;\"><div class=\"fusion-column-wrapper fusion-flex-column-wrapper-legacy\" style=\"background-position:left top;background-repeat:no-repeat;-webkit-background-size:cover;-moz-background-size:cover;-o-background-size:cover;background-size:cover;padding: 0px 0px 0px 0px;\"><div class=\"fusion-text fusion-text-3\"><p>The situation in the global shark fin trade is even more disturbing. Only a few countries have passed a &#8221;Fins Naturally Attached&#8221; law (e.g. USA, Canada, India, South Africa). In many countries finning is still allowed. Therefore, there is still a huge volume of fins on the global market, whose origin is rarely traceable.[8] However, these can still be traded legally in and across Europe.<\/p>\n<\/div><div class=\"fusion-content-boxes content-boxes columns row fusion-columns-1 fusion-columns-total-3 fusion-content-boxes-1 content-boxes-timeline-vertical content-left content-boxes-timeline-layout content-boxes-icon-with-title fusion-delayed-animation\" data-animation-delay=\"350\" data-animationOffset=\"100%\" style=\"margin-top:0px;margin-bottom:0px;\"><style type=\"text\/css\">.fusion-content-boxes-1 .heading .content-box-heading {color:#ffffff;}\n\t\t\t\t\t.fusion-content-boxes-1 .fusion-content-box-hover .link-area-link-icon-hover .heading .content-box-heading,\n\t\t\t\t\t.fusion-content-boxes-1 .fusion-content-box-hover .link-area-link-icon-hover .heading .heading-link .content-box-heading,\n\t\t\t\t\t.fusion-content-boxes-1 .fusion-content-box-hover .link-area-box-hover .heading .content-box-heading,\n\t\t\t\t\t.fusion-content-boxes-1 .fusion-content-box-hover .link-area-box-hover .heading .heading-link .content-box-heading,\n\t\t\t\t\t.fusion-content-boxes-1 .fusion-content-box-hover .link-area-link-icon-hover.link-area-box .fusion-read-more,\n\t\t\t\t\t.fusion-content-boxes-1 .fusion-content-box-hover .link-area-link-icon-hover.link-area-box .fusion-read-more::after,\n\t\t\t\t\t.fusion-content-boxes-1 .fusion-content-box-hover .link-area-link-icon-hover.link-area-box .fusion-read-more::before,\n\t\t\t\t\t.fusion-content-boxes-1 .fusion-content-box-hover .fusion-read-more:hover:after,\n\t\t\t\t\t.fusion-content-boxes-1 .fusion-content-box-hover .fusion-read-more:hover:before,\n\t\t\t\t\t.fusion-content-boxes-1 .fusion-content-box-hover .fusion-read-more:hover,\n\t\t\t\t\t.fusion-content-boxes-1 .fusion-content-box-hover .link-area-box-hover.link-area-box .fusion-read-more,\n\t\t\t\t\t.fusion-content-boxes-1 .fusion-content-box-hover .link-area-box-hover.link-area-box .fusion-read-more::after,\n\t\t\t\t\t.fusion-content-boxes-1 .fusion-content-box-hover .link-area-box-hover.link-area-box .fusion-read-more::before,\n\t\t\t\t\t.fusion-content-boxes-1 .fusion-content-box-hover .link-area-link-icon-hover .icon .circle-no,\n\t\t\t\t\t.fusion-content-boxes-1 .heading .heading-link:hover .content-box-heading {\n\t\t\t\t\t\tcolor: #f05858;\n\t\t\t\t\t}\n\t\t\t\t\t.fusion-content-boxes-1 .fusion-content-box-hover .link-area-box-hover .icon .circle-no {\n\t\t\t\t\t\tcolor: #f05858 !important;\n\t\t\t\t\t}.fusion-content-boxes-1 .fusion-content-box-hover .link-area-box.link-area-box-hover .fusion-content-box-button {background: #d65a5a;color: #ffffff;}.fusion-content-boxes-1 .fusion-content-box-hover .link-area-box.link-area-box-hover .fusion-content-box-button .fusion-button-text {color: #ffffff;}\n\t\t\t\t\t.fusion-content-boxes-1 .fusion-content-box-hover .link-area-link-icon-hover .heading .icon > span {\n\t\t\t\t\t\tbackground-color: #f05858 !important;\n\t\t\t\t\t}\n\t\t\t\t\t.fusion-content-boxes-1 .fusion-content-box-hover .link-area-box-hover .heading .icon > span {\n\t\t\t\t\t\tborder-color: #f05858 !important;\n\t\t\t\t\t}\n\t\t\t\t\t\t.fusion-content-boxes-1 .fusion-content-box-hover .link-area-link-icon-hover.icon-hover-animation-pulsate .fontawesome-icon:after,\n\t\t\t\t\t\t.fusion-content-boxes-1 .fusion-content-box-hover .link-area-box-hover.icon-hover-animation-pulsate .fontawesome-icon:after,\n\t\t\t\t\t\t.fusion-content-boxes-1 .fusion-content-box-hover .link-area-link-icon-hover.icon-wrapper-hover-animation-pulsate .icon span:after,\n\t\t\t\t\t\t.fusion-content-boxes-1 .fusion-content-box-hover .link-area-box-hover.icon-wrapper-hover-animation-pulsate .icon span:after {\n\t\t\t\t\t\t\t-webkit-box-shadow:0 0 0 2px rgba(255,255,255,0.1), 0 0 10px 10px #f05858, 0 0 0 10px rgba(255,255,255,0.5);\n\t\t\t\t\t\t\t-moz-box-shadow:0 0 0 2px rgba(255,255,255,0.1), 0 0 10px 10px #f05858, 0 0 0 10px rgba(255,255,255,0.5);\n\t\t\t\t\t\t\tbox-shadow: 0 0 0 2px rgba(255,255,255,0.1), 0 0 10px 10px #f05858, 0 0 0 10px rgba(255,255,255,0.5);\n\t\t\t\t\t\t}\n\t\t\t\t\t<\/style><div class=\"fusion-column content-box-column content-box-column content-box-column-1 col-lg-12 col-md-12 col-sm-12 fusion-content-box-hover content-box-column-last-in-row\"><div class=\"col content-box-wrapper content-wrapper link-area-box icon-hover-animation-pulsate fusion-animated\" style=\"background-color:rgba(244,67,54,0);\" data-animationType=\"fadeIn\" data-animationDuration=\"0.25\" data-animationOffset=\"100%\"><div class=\"heading heading-with-icon icon-left\" style=\"margin-top:26px;\"><div class=\"icon\" style=\"margin-top:-26px;margin-bottom:-26px;-webkit-animation-duration: 350ms;animation-duration: 350ms;\"><i style=\"border-color:#ee6059;border-width:1px;background-color:#3f3f3f;box-sizing:content-box;height:50px;width:50px;line-height:50px;border-radius:50%;color:#ee6059;font-size:25px;\" aria-hidden=\"true\" class=\"fontawesome-icon fa-exclamation fas circle-yes\"><\/i><\/div><\/div><div class=\"fusion-clearfix\"><\/div><div class=\"content-container\" style=\"padding-left:72px;color:#aaa9a9;\">\n<p>D\u00e4rf\u00f6r kr\u00e4ver vi: Handeln med hajfenor i Europa m\u00e5ste sluta genast.<\/p>\n<\/div><div class=\"content-box-shortcode-timeline-vertical\" style=\"border-color:#ee6059;left:40px;top:25px;-webkit-transition-duration: 350ms;animation-duration: 350ms;\"><\/div><\/div><\/div><div class=\"fusion-column content-box-column content-box-column content-box-column-2 col-lg-12 col-md-12 col-sm-12 fusion-content-box-hover content-box-column-last-in-row\"><div class=\"col content-box-wrapper content-wrapper link-area-box icon-hover-animation-pulsate fusion-animated\" style=\"background-color:rgba(244,67,54,0);\" data-animationType=\"fadeIn\" data-animationDuration=\"0.25\" data-animationOffset=\"100%\"><div class=\"heading heading-with-icon icon-left\" style=\"margin-top:26px;\"><div class=\"icon\" style=\"margin-top:-26px;margin-bottom:-26px;-webkit-animation-duration: 350ms;animation-duration: 350ms;\"><i style=\"border-color:#ee6059;border-width:1px;background-color:#3f3f3f;box-sizing:content-box;height:50px;width:50px;line-height:50px;border-radius:50%;color:#ee6059;font-size:25px;\" aria-hidden=\"true\" class=\"fontawesome-icon fa-ban fas circle-yes\"><\/i><\/div><\/div><div class=\"fusion-clearfix\"><\/div><div class=\"content-container\" style=\"padding-left:72px;color:#aaa9a9;\">\n<p>Den barbariska praktiken hajfensfiske kan bara stoppas n\u00e4r handelsregulationer g\u00f6r den ol\u00f6nsamt.<\/p>\n<\/div><div class=\"content-box-shortcode-timeline-vertical\" style=\"border-color:#ee6059;left:40px;top:25px;-webkit-transition-duration: 350ms;animation-duration: 350ms;\"><\/div><\/div><\/div><div class=\"fusion-column content-box-column content-box-column content-box-column-3 col-lg-12 col-md-12 col-sm-12 fusion-content-box-hover content-box-column-last content-box-column-last-in-row\"><div class=\"col content-box-wrapper content-wrapper link-area-box icon-hover-animation-pulsate fusion-animated\" style=\"background-color:rgba(244,67,54,0);\" data-animationType=\"fadeIn\" data-animationDuration=\"0.25\" data-animationOffset=\"100%\"><div class=\"heading heading-with-icon icon-left\" style=\"margin-top:26px;\"><div class=\"icon\" style=\"margin-top:-26px;margin-bottom:-26px;-webkit-animation-duration: 350ms;animation-duration: 350ms;\"><i style=\"border-color:#ee6059;border-width:1px;background-color:#3f3f3f;box-sizing:content-box;height:50px;width:50px;line-height:50px;border-radius:50%;color:#ee6059;font-size:25px;\" aria-hidden=\"true\" class=\"fontawesome-icon fa-balance-scale-left fas circle-yes\"><\/i><\/div><\/div><div class=\"fusion-clearfix\"><\/div><div class=\"content-container\" style=\"padding-left:72px;color:#aaa9a9;\">\n<p>D\u00e4rf\u00f6r m\u00e5ste \u201dFins Naturally Attached\u201d-regulationen i Europeiska unionen utvidgas till export, import och transit av hajar och rockor.<\/p>\n<\/div><div class=\"content-box-shortcode-timeline-vertical\" style=\"border-color:#ee6059;left:40px;top:25px;-webkit-transition-duration: 350ms;animation-duration: 350ms;\"><\/div><\/div><\/div><style type=\"text\/css\">\n\t\t\t\t\t\t.fusion-content-boxes-1 .fusion-content-box-hover .heading-link:hover .icon i.circle-yes,\n\t\t\t\t\t\t.fusion-content-boxes-1 .fusion-content-box-hover .link-area-box:hover .heading-link .icon i.circle-yes,\n\t\t\t\t\t\t.fusion-content-boxes-1 .fusion-content-box-hover .link-area-link-icon-hover .heading .icon i.circle-yes,\n\t\t\t\t\t\t.fusion-content-boxes-1 .fusion-content-box-hover .link-area-box-hover .heading .icon i.circle-yes {\n\t\t\t\t\t\t\tbackground-color: #f05858 !important;\n\t\t\t\t\t\t\tborder-color: #f05858 !important;\n\t\t\t\t\t\t}<\/style><div class=\"fusion-clearfix\"><\/div><\/div><div class=\"fusion-text fusion-text-4\"><p>Den nuvarande \u201dFins Naturally Attached\u201d-Regulation s\u00e4ger: \u201dHajar \u00e4r inte en traditionell europeisk mat, men de \u00e4r ett n\u00f6dv\u00e4ndigt inslag i europeiska marina ekosystem\u201d. Det \u00e4r dags att \u00e4ntligen vidta konsekventa \u00e5tg\u00e4rder i Europa f\u00f6r att skydda hajar och v\u00e5ra hav! D\u00e4rf\u00f6r ber vi er om att st\u00f6dja denna m\u00f6jlighet att utvidga lagen i Europeiska unionen f\u00f6r att skydda v\u00e5ra hav.<\/p>\n<p>St\u00f6d oss: <a href=\"https:\/\/eci.ec.europa.eu\/012\/public\" target=\"_blank\" rel=\"noopener noreferrer\">https:\/\/eci.ec.europa.eu\/012\/public<\/a><\/p>\n<\/div><div class=\"fusion-clearfix\"><\/div><\/div><\/div><div class=\"fusion-layout-column fusion_builder_column fusion-builder-column-3 fusion_builder_column_1_1 1_1 fusion-one-full fusion-column-first fusion-column-last\" style=\"margin-top:0px;margin-bottom:20px;\"><div class=\"fusion-column-wrapper fusion-flex-column-wrapper-legacy\" style=\"background-position:left top;background-repeat:no-repeat;-webkit-background-size:cover;-moz-background-size:cover;-o-background-size:cover;background-size:cover;padding: 0px 0px 0px 0px;\"><div class=\"fusion-sep-clear\"><\/div><div class=\"fusion-separator fusion-full-width-sep\" style=\"margin-left: auto;margin-right: auto;width:100%;\"><div class=\"fusion-separator-border sep-single sep-solid\" style=\"border-color:#3e3e3e;border-top-width:1px;\"><\/div><\/div><div class=\"fusion-sep-clear\"><\/div><div class=\"fusion-text fusion-text-5\"><h6><sup>[1]<\/sup> \u00a0\u00a0 IUCN Shark Specialist Group, Frequently Asked Questions: Sharks, Rays, and chimaeras; <a href=\"https:\/\/www.iucnssg.org\/faqs.html\" target=\"_blank\" rel=\"noopener noreferrer\">https:\/\/www.iucnssg.org\/faqs.html<\/a>.<\/h6>\n<h6><sup>[2]<\/sup> \u00a0\u00a0 Kimley, Peter A. Peter, The Biology of Sharks and Rays, 2013, S. 451.<\/h6>\n<h6><sup>[3]<\/sup> \u00a0\u00a0 REGULATION (EU) No 605\/2013 OF THE EUROPEAN PARLIAMENT AND OF THE COUNCIL of 12 June 2013.<\/h6>\n<h6><sup>[4]<\/sup> \u00a0\u00a0 Bericht der Knorpelfisch-Arbeitsgruppe des International Council for the Exploration of the Sea (ICES), 2018. F\u00fcr die Berechnung der Anzahl Tiere wurde ein durchschnittliches Gewicht von etwa 30 Kilogramm pro Blauhai angenommen.<\/h6>\n<h6><sup>[5]<\/sup> \u00a0\u00a0 IUCN Einstufung als \u201cNear Threatened\u201d \/ \u201can der Grenze zu bedroht\u201d auf <a href=\"https:\/\/www.iucnredlist.org\/species\/39381\/48924261\" target=\"_blank\" rel=\"noopener noreferrer\">https:\/\/www.iucnredlist.org\/species\/39381\/48924261<\/a>.<\/h6>\n<h6><sup>[6]<\/sup> \u00a0\u00a0 Felix Dent, Shelley Clarke; State of the global market for shark products;FAO FISHERIES AND AQUACULTURE TECHNICAL PAPER 590; Rom 2015; Seite 71ff.<\/h6>\n<h6><sup>[7]<\/sup> \u00a0\u00a0 Beobachterquote auf spanischen Langleinenflotten die im Atlantik Schwertfisch und Blauhai fangen betr\u00e4gt lediglich 1-3%;\u00a0 North and South Atlantic swordfish Spanish longline fishery; MSC Public Comment Draft Report, Volume 1; October 2016; Seite 44 pp .<\/h6>\n<h6><sup>[8]<\/sup> \u00a0\u00a0 Einmal vom K\u00f6rper getrennt, l\u00e4sst sich kaum noch feststellen, von welchem Tier die Flosse stammt. Ebenso betroffen wie die Haie sind deshalb \u00fcbrigens auch Rochen: Wainwright, B.J., Ip, Y.C.A., Neo, M.L. et al. Conserv Gene, DNA barcoding of traded shark fins, meat and mobulid gill plates in Singapore uncovers numerous threatened species, 2018.<\/h6>\n<\/div><div class=\"fusion-clearfix\"><\/div><\/div><\/div><\/div><\/div><\/p>\n","protected":false},"excerpt":{"rendered":"","protected":false},"author":6,"featured_media":0,"parent":0,"menu_order":0,"comment_status":"closed","ping_status":"closed","template":"100-width.php","meta":[],"yoast_head":"<!-- This site is optimized with the Yoast SEO plugin v18.1 - https:\/\/yoast.com\/wordpress\/plugins\/seo\/ -->\n<title>Kravet - STOP FINNING<\/title>\n<meta name=\"robots\" content=\"index, follow, max-snippet:-1, max-image-preview:large, max-video-preview:-1\" \/>\n<link rel=\"canonical\" href=\"https:\/\/dev.stop-finning-eu.org\/sv\/kravet\/\" \/>\n<meta property=\"og:locale\" content=\"sv_SE\" \/>\n<meta property=\"og:type\" content=\"article\" \/>\n<meta property=\"og:title\" content=\"Kravet - STOP FINNING\" \/>\n<meta property=\"og:url\" content=\"https:\/\/dev.stop-finning-eu.org\/sv\/kravet\/\" \/>\n<meta property=\"og:site_name\" content=\"STOP FINNING\" \/>\n<meta property=\"article:modified_time\" content=\"2022-02-14T21:11:15+00:00\" \/>\n<meta property=\"og:image\" content=\"https:\/\/dev.stop-finning-eu.org\/wp-content\/uploads\/2020\/02\/stop_finning_eu-en-1024x724.jpg\" \/>\n\t<meta property=\"og:image:width\" content=\"1024\" \/>\n\t<meta property=\"og:image:height\" content=\"724\" \/>\n\t<meta property=\"og:image:type\" content=\"image\/jpeg\" \/>\n<meta name=\"twitter:card\" content=\"summary_large_image\" \/>\n<meta name=\"twitter:label1\" content=\"Ber\u00e4knad l\u00e4stid\" \/>\n\t<meta name=\"twitter:data1\" content=\"6 minuter\" \/>\n<script type=\"application\/ld+json\" class=\"yoast-schema-graph\">{\"@context\":\"https:\/\/schema.org\",\"@graph\":[{\"@type\":\"WebSite\",\"@id\":\"https:\/\/dev.stop-finning-eu.org\/#website\",\"url\":\"https:\/\/dev.stop-finning-eu.org\/\",\"name\":\"STOP FINNING\",\"description\":\"It\u00b4s time for Europe to act!\",\"potentialAction\":[{\"@type\":\"SearchAction\",\"target\":{\"@type\":\"EntryPoint\",\"urlTemplate\":\"https:\/\/dev.stop-finning-eu.org\/?s={search_term_string}\"},\"query-input\":\"required name=search_term_string\"}],\"inLanguage\":\"sv-SE\"},{\"@type\":\"WebPage\",\"@id\":\"https:\/\/dev.stop-finning-eu.org\/sv\/kravet\/#webpage\",\"url\":\"https:\/\/dev.stop-finning-eu.org\/sv\/kravet\/\",\"name\":\"Kravet - STOP FINNING\",\"isPartOf\":{\"@id\":\"https:\/\/dev.stop-finning-eu.org\/#website\"},\"datePublished\":\"2019-07-22T09:33:37+00:00\",\"dateModified\":\"2022-02-14T21:11:15+00:00\",\"breadcrumb\":{\"@id\":\"https:\/\/dev.stop-finning-eu.org\/sv\/kravet\/#breadcrumb\"},\"inLanguage\":\"sv-SE\",\"potentialAction\":[{\"@type\":\"ReadAction\",\"target\":[\"https:\/\/dev.stop-finning-eu.org\/sv\/kravet\/\"]}]},{\"@type\":\"BreadcrumbList\",\"@id\":\"https:\/\/dev.stop-finning-eu.org\/sv\/kravet\/#breadcrumb\",\"itemListElement\":[{\"@type\":\"ListItem\",\"position\":1,\"name\":\"Startseite\",\"item\":\"https:\/\/dev.stop-finning-eu.org\/sv\/\"},{\"@type\":\"ListItem\",\"position\":2,\"name\":\"Kravet\"}]}]}<\/script>\n<!-- \/ Yoast SEO plugin. -->","yoast_head_json":{"title":"Kravet - STOP FINNING","robots":{"index":"index","follow":"follow","max-snippet":"max-snippet:-1","max-image-preview":"max-image-preview:large","max-video-preview":"max-video-preview:-1"},"canonical":"https:\/\/dev.stop-finning-eu.org\/sv\/kravet\/","og_locale":"sv_SE","og_type":"article","og_title":"Kravet - STOP FINNING","og_url":"https:\/\/dev.stop-finning-eu.org\/sv\/kravet\/","og_site_name":"STOP FINNING","article_modified_time":"2022-02-14T21:11:15+00:00","og_image":[{"width":1024,"height":724,"url":"https:\/\/dev.stop-finning-eu.org\/wp-content\/uploads\/2020\/02\/stop_finning_eu-en-1024x724.jpg","type":"image\/jpeg"}],"twitter_card":"summary_large_image","twitter_misc":{"Ber\u00e4knad l\u00e4stid":"6 minuter"},"schema":{"@context":"https:\/\/schema.org","@graph":[{"@type":"WebSite","@id":"https:\/\/dev.stop-finning-eu.org\/#website","url":"https:\/\/dev.stop-finning-eu.org\/","name":"STOP FINNING","description":"It\u00b4s time for Europe to act!","potentialAction":[{"@type":"SearchAction","target":{"@type":"EntryPoint","urlTemplate":"https:\/\/dev.stop-finning-eu.org\/?s={search_term_string}"},"query-input":"required name=search_term_string"}],"inLanguage":"sv-SE"},{"@type":"WebPage","@id":"https:\/\/dev.stop-finning-eu.org\/sv\/kravet\/#webpage","url":"https:\/\/dev.stop-finning-eu.org\/sv\/kravet\/","name":"Kravet - STOP FINNING","isPartOf":{"@id":"https:\/\/dev.stop-finning-eu.org\/#website"},"datePublished":"2019-07-22T09:33:37+00:00","dateModified":"2022-02-14T21:11:15+00:00","breadcrumb":{"@id":"https:\/\/dev.stop-finning-eu.org\/sv\/kravet\/#breadcrumb"},"inLanguage":"sv-SE","potentialAction":[{"@type":"ReadAction","target":["https:\/\/dev.stop-finning-eu.org\/sv\/kravet\/"]}]},{"@type":"BreadcrumbList","@id":"https:\/\/dev.stop-finning-eu.org\/sv\/kravet\/#breadcrumb","itemListElement":[{"@type":"ListItem","position":1,"name":"Startseite","item":"https:\/\/dev.stop-finning-eu.org\/sv\/"},{"@type":"ListItem","position":2,"name":"Kravet"}]}]}},"_links":{"self":[{"href":"https:\/\/dev.stop-finning-eu.org\/sv\/wp-json\/wp\/v2\/pages\/7597"}],"collection":[{"href":"https:\/\/dev.stop-finning-eu.org\/sv\/wp-json\/wp\/v2\/pages"}],"about":[{"href":"https:\/\/dev.stop-finning-eu.org\/sv\/wp-json\/wp\/v2\/types\/page"}],"author":[{"embeddable":true,"href":"https:\/\/dev.stop-finning-eu.org\/sv\/wp-json\/wp\/v2\/users\/6"}],"replies":[{"embeddable":true,"href":"https:\/\/dev.stop-finning-eu.org\/sv\/wp-json\/wp\/v2\/comments?post=7597"}],"version-history":[{"count":1,"href":"https:\/\/dev.stop-finning-eu.org\/sv\/wp-json\/wp\/v2\/pages\/7597\/revisions"}],"predecessor-version":[{"id":12191,"href":"https:\/\/dev.stop-finning-eu.org\/sv\/wp-json\/wp\/v2\/pages\/7597\/revisions\/12191"}],"wp:attachment":[{"href":"https:\/\/dev.stop-finning-eu.org\/sv\/wp-json\/wp\/v2\/media?parent=7597"}],"curies":[{"name":"wp","href":"https:\/\/api.w.org\/{rel}","templated":true}]}}