{"id":7596,"date":"2019-07-22T11:33:37","date_gmt":"2019-07-22T09:33:37","guid":{"rendered":"https:\/\/www.stop-finning-eu.org\/demand\/"},"modified":"2022-02-14T22:01:28","modified_gmt":"2022-02-14T21:01:28","slug":"dopyt","status":"publish","type":"page","link":"https:\/\/dev.stop-finning-eu.org\/sk\/dopyt\/","title":{"rendered":"Dopyt"},"content":{"rendered":"<p><div class=\"fusion-fullwidth fullwidth-box fusion-builder-row-1 nonhundred-percent-fullwidth non-hundred-percent-height-scrolling\" style=\"background-color: #25292b;background-position: left top;background-repeat: no-repeat;padding-top:100px;padding-right:0px;padding-bottom:0px;padding-left:0px;margin-bottom: 0px;margin-top: 0px;border-width: 0px 0px 0px 0px;border-color:#25292b;border-style:solid;\" ><div class=\"fusion-builder-row fusion-row\"><div class=\"fusion-layout-column fusion_builder_column fusion-builder-column-0 fusion_builder_column_1_1 1_1 fusion-one-full fusion-column-first fusion-column-last fusion-column-no-min-height\" style=\"margin-top:0px;margin-bottom:0px;\"><div class=\"fusion-column-wrapper fusion-flex-column-wrapper-legacy\" style=\"background-position:left top;background-repeat:no-repeat;-webkit-background-size:cover;-moz-background-size:cover;-o-background-size:cover;background-size:cover;padding: 0px 0px 0px 0px;\"><div class=\"fusion-text fusion-text-1\"><h2 style=\"text-align: left;\">Dopyt<\/h2>\n<\/div><div class=\"fusion-clearfix\"><\/div><\/div><\/div><\/div><\/div><div class=\"fusion-fullwidth fullwidth-box fusion-builder-row-2 nonhundred-percent-fullwidth non-hundred-percent-height-scrolling\" style=\"background-color: #25292b;background-position: center center;background-repeat: no-repeat;padding-top:0px;padding-right:0px;padding-bottom:70px;padding-left:0px;margin-bottom: 0px;margin-top: 0px;border-width: 0px 0px 0px 0px;border-color:#25292b;border-style:solid;\" ><div class=\"fusion-builder-row fusion-row\"><div class=\"fusion-layout-column fusion_builder_column fusion-builder-column-1 fusion_builder_column_1_2 1_2 fusion-one-half fusion-column-first\" style=\"width:50%;width:calc(50% - ( ( 4% ) * 0.5 ) );margin-right: 4%;margin-top:0px;margin-bottom:20px;\"><div class=\"fusion-column-wrapper fusion-flex-column-wrapper-legacy\" style=\"background-position:left top;background-repeat:no-repeat;-webkit-background-size:cover;-moz-background-size:cover;-o-background-size:cover;background-size:cover;padding: 0px 0px 0px 0px;\"><div class=\"fusion-text fusion-text-2\"><p>Ka\u017ed\u00fd rok uhynie v d\u00f4sledku rybolovu 63 a\u017e 273 mili\u00f3nov \u017eralokov. [1] Skuto\u010dn\u00e9 \u010d\u00edsla s\u00fa s najvy\u0161\u0161ou pravdepodobnos\u0165ou vy\u0161\u0161ie, preto\u017ee ch\u00fdbaj\u00fa spo\u013eahliv\u00e9 \u00fadaje a celosvetov\u00fd po\u010det neohl\u00e1sen\u00fdch pr\u00edpadov nez\u00e1konn\u00e9ho rybolovu je extr\u00e9mne vysok\u00fd.<br \/>\n\u017draloky sa lovia na celom svete, hlavne kv\u00f4li plutv\u00e1m. Plutvy sa konzumuj\u00fa najm\u00e4 v \u00c1zii, kde sa z nich rob\u00ed polievka. Za t\u00fato \u00fadajn\u00fa poch\u00fa\u0165ku, ktor\u00e1 obsahuje iba nieko\u013eko gramov plutiev, zaplat\u00edte a\u017e do 90 EUR. [2] Ide o lukrat\u00edvny biznis, ktor\u00fd dobre vyn\u00e1\u0161a. Zaplatia za to v\u0161ak najm\u00e4 \u017eraloky!<\/p>\n<p>Plutvy sa \u010dasto z\u00edskavaj\u00fa krut\u00fdm sp\u00f4sobom, takzvan\u00fdm \u201cfinningom\u201d.<br \/>\nFinning znamen\u00e1, \u017ee \u017eralokovi za\u017eiva odre\u017e\u00fa plutvy a zvy\u0161ok \u017eraloka hodia cez palubu, preto\u017ee m\u00e4so je v porovnan\u00ed s plutvami takmer bezcenn\u00e9. Bez plutiev \u017eralok klesne na dno, kde sa bu\u010f udus\u00ed, vykrv\u00e1ca na smr\u0165 alebo sa stane koris\u0165ou in\u00e9ho zviera\u0165a.<\/p>\n<p>Obchod so \u017eralo\u010d\u00edmi plutvami podporuje aj Eur\u00f3pa.<\/p>\n<p>Nariadenie E\u00da z roku 2013 o odstra\u0148ovan\u00ed plutiev \u017eralokov na palube plavidiel bez v\u00fdnimky zakazuje usklad\u0148ovanie, prepravu a vykladanie \u017eralo\u010d\u00edch plutiev na v\u0161etk\u00fdch lodiach \u010dlensk\u00fdch \u0161t\u00e1tov Eur\u00f3pskej \u00fanie a vo v\u0161etk\u00fdch vod\u00e1ch Eur\u00f3pskej \u00fanie. Plutvy musia osta\u0165 na tele \u017eraloka, a\u017e k\u00fdm nebud\u00fa vylo\u017een\u00e9 v pr\u00edstave. Potom sa m\u00f4\u017eu oddeli\u0165 od tela a vyviez\u0165 do \u00c1zie.<\/p>\n<p>Len za rok 2016 \u0160panielsko vylovilo 53 000 ton \u017eraloka modr\u00e9ho, v prepo\u010dte 1,75 mili\u00f3na \u017eralokov. [3] Napriek rast\u00facemu ohrozeniu[4] sa po\u010det uloven\u00fdch \u017eralokov modr\u00fdch v Atlantickom oce\u00e1ne od za\u010diatku tis\u00edcro\u010dia takmer zdvojn\u00e1sobil. V Eur\u00f3pe sa navy\u0161e lovia aj in\u00e9 druhy \u017eralokov \u2013 niektor\u00e9 z nich e\u0161te viac ohrozen\u00e9, ako napr\u00edklad mako alebo \u017eralok sle\u010fov\u00fd.<\/p>\n<p>K tomuto lovu doch\u00e1dza takmer v\u00fdlu\u010dne kv\u00f4li plutv\u00e1m. Z E\u00da sa ka\u017ed\u00fd rok vyvezie v priemere takmer 3 500 ton \u017eralo\u010d\u00edch plutiev v celkovej hodnote pribli\u017ene 52 mili\u00f3nov EUR [5].<br \/>\nKe\u010f\u017ee kontroly ryb\u00e1rskych lod\u00ed sa vykon\u00e1vaj\u00fa viac-menej zriedkavo, ned\u00e1 sa istotou poveda\u0165, ko\u013eko \u017eralo\u010d\u00edch plutiev sa v st\u00e1le nez\u00e1konne vyklad\u00e1 v eur\u00f3pskych pr\u00edstavoch [6].<\/p>\n<\/div><div class=\"fusion-clearfix\"><\/div><\/div><\/div><div class=\"fusion-layout-column fusion_builder_column fusion-builder-column-2 fusion_builder_column_1_2 1_2 fusion-one-half fusion-column-last\" style=\"width:50%;width:calc(50% - ( ( 4% ) * 0.5 ) );margin-top:0px;margin-bottom:20px;\"><div class=\"fusion-column-wrapper fusion-flex-column-wrapper-legacy\" style=\"background-position:left top;background-repeat:no-repeat;-webkit-background-size:cover;-moz-background-size:cover;-o-background-size:cover;background-size:cover;padding: 0px 0px 0px 0px;\"><div class=\"fusion-text fusion-text-3\"><p>Na svetovom trhu je situ\u00e1cia e\u0161te znepokojuj\u00facej\u0161ia. Iba nieko\u013eko kraj\u00edn prijalo nariadenia o odstra\u0148ovan\u00ed plutiev \u017eralokov na palube plavidiel (napr. USA, Kanada, India, Ju\u017en\u00e1 Afrika). V mnoh\u00fdch krajin\u00e1ch je met\u00f3da \u201cfinning\u201d st\u00e1le povolen\u00e1. Na svetovom trhu je preto st\u00e1le obrovsk\u00e9 mno\u017estvo plutiev, ktor\u00fdch p\u00f4vod sa d\u00e1 len zriedka doh\u013eada\u0165 [8].<br \/>\nObchodovanie s nimi zost\u00e1va leg\u00e1lne v celej Eur\u00f3pe.<\/p>\n<\/div><div class=\"fusion-content-boxes content-boxes columns row fusion-columns-1 fusion-columns-total-3 fusion-content-boxes-1 content-boxes-timeline-vertical content-left content-boxes-timeline-layout content-boxes-icon-with-title fusion-delayed-animation\" data-animation-delay=\"350\" data-animationOffset=\"100%\" style=\"margin-top:0px;margin-bottom:0px;\"><style type=\"text\/css\">.fusion-content-boxes-1 .heading .content-box-heading {color:#ffffff;}\n\t\t\t\t\t.fusion-content-boxes-1 .fusion-content-box-hover .link-area-link-icon-hover .heading .content-box-heading,\n\t\t\t\t\t.fusion-content-boxes-1 .fusion-content-box-hover .link-area-link-icon-hover .heading .heading-link .content-box-heading,\n\t\t\t\t\t.fusion-content-boxes-1 .fusion-content-box-hover .link-area-box-hover .heading .content-box-heading,\n\t\t\t\t\t.fusion-content-boxes-1 .fusion-content-box-hover .link-area-box-hover .heading .heading-link .content-box-heading,\n\t\t\t\t\t.fusion-content-boxes-1 .fusion-content-box-hover .link-area-link-icon-hover.link-area-box .fusion-read-more,\n\t\t\t\t\t.fusion-content-boxes-1 .fusion-content-box-hover .link-area-link-icon-hover.link-area-box .fusion-read-more::after,\n\t\t\t\t\t.fusion-content-boxes-1 .fusion-content-box-hover .link-area-link-icon-hover.link-area-box .fusion-read-more::before,\n\t\t\t\t\t.fusion-content-boxes-1 .fusion-content-box-hover .fusion-read-more:hover:after,\n\t\t\t\t\t.fusion-content-boxes-1 .fusion-content-box-hover .fusion-read-more:hover:before,\n\t\t\t\t\t.fusion-content-boxes-1 .fusion-content-box-hover .fusion-read-more:hover,\n\t\t\t\t\t.fusion-content-boxes-1 .fusion-content-box-hover .link-area-box-hover.link-area-box .fusion-read-more,\n\t\t\t\t\t.fusion-content-boxes-1 .fusion-content-box-hover .link-area-box-hover.link-area-box .fusion-read-more::after,\n\t\t\t\t\t.fusion-content-boxes-1 .fusion-content-box-hover .link-area-box-hover.link-area-box .fusion-read-more::before,\n\t\t\t\t\t.fusion-content-boxes-1 .fusion-content-box-hover .link-area-link-icon-hover .icon .circle-no,\n\t\t\t\t\t.fusion-content-boxes-1 .heading .heading-link:hover .content-box-heading {\n\t\t\t\t\t\tcolor: #f05858;\n\t\t\t\t\t}\n\t\t\t\t\t.fusion-content-boxes-1 .fusion-content-box-hover .link-area-box-hover .icon .circle-no {\n\t\t\t\t\t\tcolor: #f05858 !important;\n\t\t\t\t\t}.fusion-content-boxes-1 .fusion-content-box-hover .link-area-box.link-area-box-hover .fusion-content-box-button {background: #d65a5a;color: #ffffff;}.fusion-content-boxes-1 .fusion-content-box-hover .link-area-box.link-area-box-hover .fusion-content-box-button .fusion-button-text {color: #ffffff;}\n\t\t\t\t\t.fusion-content-boxes-1 .fusion-content-box-hover .link-area-link-icon-hover .heading .icon > span {\n\t\t\t\t\t\tbackground-color: #f05858 !important;\n\t\t\t\t\t}\n\t\t\t\t\t.fusion-content-boxes-1 .fusion-content-box-hover .link-area-box-hover .heading .icon > span {\n\t\t\t\t\t\tborder-color: #f05858 !important;\n\t\t\t\t\t}\n\t\t\t\t\t\t.fusion-content-boxes-1 .fusion-content-box-hover .link-area-link-icon-hover.icon-hover-animation-pulsate .fontawesome-icon:after,\n\t\t\t\t\t\t.fusion-content-boxes-1 .fusion-content-box-hover .link-area-box-hover.icon-hover-animation-pulsate .fontawesome-icon:after,\n\t\t\t\t\t\t.fusion-content-boxes-1 .fusion-content-box-hover .link-area-link-icon-hover.icon-wrapper-hover-animation-pulsate .icon span:after,\n\t\t\t\t\t\t.fusion-content-boxes-1 .fusion-content-box-hover .link-area-box-hover.icon-wrapper-hover-animation-pulsate .icon span:after {\n\t\t\t\t\t\t\t-webkit-box-shadow:0 0 0 2px rgba(255,255,255,0.1), 0 0 10px 10px #f05858, 0 0 0 10px rgba(255,255,255,0.5);\n\t\t\t\t\t\t\t-moz-box-shadow:0 0 0 2px rgba(255,255,255,0.1), 0 0 10px 10px #f05858, 0 0 0 10px rgba(255,255,255,0.5);\n\t\t\t\t\t\t\tbox-shadow: 0 0 0 2px rgba(255,255,255,0.1), 0 0 10px 10px #f05858, 0 0 0 10px rgba(255,255,255,0.5);\n\t\t\t\t\t\t}\n\t\t\t\t\t<\/style><div class=\"fusion-column content-box-column content-box-column content-box-column-1 col-lg-12 col-md-12 col-sm-12 fusion-content-box-hover content-box-column-last-in-row\"><div class=\"col content-box-wrapper content-wrapper link-area-box icon-hover-animation-pulsate fusion-animated\" style=\"background-color:rgba(244,67,54,0);\" data-animationType=\"fadeIn\" data-animationDuration=\"0.25\" data-animationOffset=\"100%\"><div class=\"heading heading-with-icon icon-left\" style=\"margin-top:26px;\"><div class=\"icon\" style=\"margin-top:-26px;margin-bottom:-26px;-webkit-animation-duration: 350ms;animation-duration: 350ms;\"><i style=\"border-color:#ee6059;border-width:1px;background-color:#3f3f3f;box-sizing:content-box;height:50px;width:50px;line-height:50px;border-radius:50%;color:#ee6059;font-size:25px;\" aria-hidden=\"true\" class=\"fontawesome-icon fa-exclamation fas circle-yes\"><\/i><\/div><\/div><div class=\"fusion-clearfix\"><\/div><div class=\"content-container\" style=\"padding-left:72px;color:#aaa9a9;\">\n<p>\u017diadame preto: Obchodovanie so \u017eralo\u010d\u00edmi plutvami v Eur\u00f3pe mus\u00ed okam\u017eite presta\u0165!<\/p>\n<\/div><div class=\"content-box-shortcode-timeline-vertical\" style=\"border-color:#ee6059;left:40px;top:25px;-webkit-transition-duration: 350ms;animation-duration: 350ms;\"><\/div><\/div><\/div><div class=\"fusion-column content-box-column content-box-column content-box-column-2 col-lg-12 col-md-12 col-sm-12 fusion-content-box-hover content-box-column-last-in-row\"><div class=\"col content-box-wrapper content-wrapper link-area-box icon-hover-animation-pulsate fusion-animated\" style=\"background-color:rgba(244,67,54,0);\" data-animationType=\"fadeIn\" data-animationDuration=\"0.25\" data-animationOffset=\"100%\"><div class=\"heading heading-with-icon icon-left\" style=\"margin-top:26px;\"><div class=\"icon\" style=\"margin-top:-26px;margin-bottom:-26px;-webkit-animation-duration: 350ms;animation-duration: 350ms;\"><i style=\"border-color:#ee6059;border-width:1px;background-color:#3f3f3f;box-sizing:content-box;height:50px;width:50px;line-height:50px;border-radius:50%;color:#ee6059;font-size:25px;\" aria-hidden=\"true\" class=\"fontawesome-icon fa-ban fas circle-yes\"><\/i><\/div><\/div><div class=\"fusion-clearfix\"><\/div><div class=\"content-container\" style=\"padding-left:72px;color:#aaa9a9;\">\n<p>Krut\u00e1 \u201cfinning\u201d met\u00f3da sa d\u00e1 zastavi\u0165 len tak, \u017ee v\u010faka regul\u00e1cii trhu viac nebude finan\u010dne v\u00fdnosn\u00e1.<\/p>\n<\/div><div class=\"content-box-shortcode-timeline-vertical\" style=\"border-color:#ee6059;left:40px;top:25px;-webkit-transition-duration: 350ms;animation-duration: 350ms;\"><\/div><\/div><\/div><div class=\"fusion-column content-box-column content-box-column content-box-column-3 col-lg-12 col-md-12 col-sm-12 fusion-content-box-hover content-box-column-last content-box-column-last-in-row\"><div class=\"col content-box-wrapper content-wrapper link-area-box icon-hover-animation-pulsate fusion-animated\" style=\"background-color:rgba(244,67,54,0);\" data-animationType=\"fadeIn\" data-animationDuration=\"0.25\" data-animationOffset=\"100%\"><div class=\"heading heading-with-icon icon-left\" style=\"margin-top:26px;\"><div class=\"icon\" style=\"margin-top:-26px;margin-bottom:-26px;-webkit-animation-duration: 350ms;animation-duration: 350ms;\"><i style=\"border-color:#ee6059;border-width:1px;background-color:#3f3f3f;box-sizing:content-box;height:50px;width:50px;line-height:50px;border-radius:50%;color:#ee6059;font-size:25px;\" aria-hidden=\"true\" class=\"fontawesome-icon fa-balance-scale-left fas circle-yes\"><\/i><\/div><\/div><div class=\"fusion-clearfix\"><\/div><div class=\"content-container\" style=\"padding-left:72px;color:#aaa9a9;\">\n<p>Nariadenie EUR\u00d3PSKEHO PARLAMENTU A RADY (E\u00da) \u010d. 605\/2013 o odstra\u0148ovan\u00ed plutiev \u017eralokov na palube plavidiel sa preto mus\u00ed roz\u0161\u00edri\u0165 o v\u00fdvoz, dovoz a prepravu \u017eralokov a raj\u00ed.<\/p>\n<\/div><div class=\"content-box-shortcode-timeline-vertical\" style=\"border-color:#ee6059;left:40px;top:25px;-webkit-transition-duration: 350ms;animation-duration: 350ms;\"><\/div><\/div><\/div><style type=\"text\/css\">\n\t\t\t\t\t\t.fusion-content-boxes-1 .fusion-content-box-hover .heading-link:hover .icon i.circle-yes,\n\t\t\t\t\t\t.fusion-content-boxes-1 .fusion-content-box-hover .link-area-box:hover .heading-link .icon i.circle-yes,\n\t\t\t\t\t\t.fusion-content-boxes-1 .fusion-content-box-hover .link-area-link-icon-hover .heading .icon i.circle-yes,\n\t\t\t\t\t\t.fusion-content-boxes-1 .fusion-content-box-hover .link-area-box-hover .heading .icon i.circle-yes {\n\t\t\t\t\t\t\tbackground-color: #f05858 !important;\n\t\t\t\t\t\t\tborder-color: #f05858 !important;\n\t\t\t\t\t\t}<\/style><div class=\"fusion-clearfix\"><\/div><\/div><div class=\"fusion-text fusion-text-4\"><p>V s\u00fa\u010dasnom nariaden\u00ed EUR\u00d3PSKEHO PARLAMENTU A RADY (E\u00da) \u010d. 605\/2013 o odstra\u0148ovan\u00ed plutiev \u017eralokov na palube plavidiel sa uv\u00e1dza: \u201e \u017dralo\u010die plutvy nepredstavuj\u00fa tradi\u010dn\u00fa zlo\u017eku eur\u00f3pskej stravy, av\u0161ak \u017eraloky s\u00fa d\u00f4le\u017eitou s\u00fa\u010das\u0165ou morsk\u00e9ho ekosyst\u00e9mu \u00danie. \u201c Je na\u010dase kone\u010dne podnikn\u00fa\u0165 d\u00f4sledn\u00e9 kroky na ochranu \u017eralokov a na\u0161ich oce\u00e1nov v Eur\u00f3pe! Preto v\u00e1s \u017eiadame, aby ste podporili roz\u0161\u00edrenie pr\u00e1vnych predpisov v Eur\u00f3pskej \u00fanii na ochranu na\u0161ich mor\u00ed.<\/p>\n<p>Podporte n\u00e1s na <a href=\"https:\/\/eci.ec.europa.eu\/012\/public\" target=\"_blank\" rel=\"noopener noreferrer\">https:\/\/eci.ec.europa.eu\/012\/public<\/a><\/p>\n<\/div><div class=\"fusion-clearfix\"><\/div><\/div><\/div><div class=\"fusion-layout-column fusion_builder_column fusion-builder-column-3 fusion_builder_column_1_1 1_1 fusion-one-full fusion-column-first fusion-column-last\" style=\"margin-top:0px;margin-bottom:20px;\"><div class=\"fusion-column-wrapper fusion-flex-column-wrapper-legacy\" style=\"background-position:left top;background-repeat:no-repeat;-webkit-background-size:cover;-moz-background-size:cover;-o-background-size:cover;background-size:cover;padding: 0px 0px 0px 0px;\"><div class=\"fusion-sep-clear\"><\/div><div class=\"fusion-separator fusion-full-width-sep\" style=\"margin-left: auto;margin-right: auto;width:100%;\"><div class=\"fusion-separator-border sep-single sep-solid\" style=\"border-color:#3e3e3e;border-top-width:1px;\"><\/div><\/div><div class=\"fusion-sep-clear\"><\/div><div class=\"fusion-text fusion-text-5\"><h6><sup>[1]<\/sup> \u00a0\u00a0 IUCN Shark Specialist Group, Frequently Asked Questions: Sharks, Rays, and chimaeras; <a href=\"https:\/\/www.iucnssg.org\/faqs.html\" target=\"_blank\" rel=\"noopener noreferrer\">https:\/\/www.iucnssg.org\/faqs.html<\/a>.<\/h6>\n<h6><sup>[2]<\/sup> \u00a0\u00a0 Kimley, Peter A. Peter, The Biology of Sharks and Rays, 2013, S. 451.<\/h6>\n<h6><sup>[3]<\/sup> \u00a0\u00a0 REGULATION (EU) No 605\/2013 OF THE EUROPEAN PARLIAMENT AND OF THE COUNCIL of 12 June 2013.<\/h6>\n<h6><sup>[4]<\/sup> \u00a0\u00a0 Bericht der Knorpelfisch-Arbeitsgruppe des International Council for the Exploration of the Sea (ICES), 2018. F\u00fcr die Berechnung der Anzahl Tiere wurde ein durchschnittliches Gewicht von etwa 30 Kilogramm pro Blauhai angenommen.<\/h6>\n<h6><sup>[5]<\/sup> \u00a0\u00a0 IUCN Einstufung als \u201cNear Threatened\u201d \/ \u201can der Grenze zu bedroht\u201d auf <a href=\"https:\/\/www.iucnredlist.org\/species\/39381\/48924261\" target=\"_blank\" rel=\"noopener noreferrer\">https:\/\/www.iucnredlist.org\/species\/39381\/48924261<\/a>.<\/h6>\n<h6><sup>[6]<\/sup> \u00a0\u00a0 Felix Dent, Shelley Clarke; State of the global market for shark products;FAO FISHERIES AND AQUACULTURE TECHNICAL PAPER 590; Rom 2015; Seite 71ff.<\/h6>\n<h6><sup>[7]<\/sup> \u00a0\u00a0 Beobachterquote auf spanischen Langleinenflotten die im Atlantik Schwertfisch und Blauhai fangen betr\u00e4gt lediglich 1-3%;\u00a0 North and South Atlantic swordfish Spanish longline fishery; MSC Public Comment Draft Report, Volume 1; October 2016; Seite 44 pp .<\/h6>\n<h6><sup>[8]<\/sup> \u00a0\u00a0 Einmal vom K\u00f6rper getrennt, l\u00e4sst sich kaum noch feststellen, von welchem Tier die Flosse stammt. Ebenso betroffen wie die Haie sind deshalb \u00fcbrigens auch Rochen: Wainwright, B.J., Ip, Y.C.A., Neo, M.L. et al. Conserv Gene, DNA barcoding of traded shark fins, meat and mobulid gill plates in Singapore uncovers numerous threatened species, 2018.<\/h6>\n<\/div><div class=\"fusion-clearfix\"><\/div><\/div><\/div><\/div><\/div><\/p>\n","protected":false},"excerpt":{"rendered":"","protected":false},"author":6,"featured_media":0,"parent":0,"menu_order":0,"comment_status":"closed","ping_status":"closed","template":"100-width.php","meta":[],"yoast_head":"<!-- This site is optimized with the Yoast SEO plugin v18.1 - https:\/\/yoast.com\/wordpress\/plugins\/seo\/ -->\n<title>Dopyt - STOP FINNING<\/title>\n<meta name=\"robots\" content=\"index, follow, max-snippet:-1, max-image-preview:large, max-video-preview:-1\" \/>\n<link rel=\"canonical\" href=\"https:\/\/dev.stop-finning-eu.org\/sk\/dopyt\/\" \/>\n<meta property=\"og:locale\" content=\"sk_SK\" \/>\n<meta property=\"og:type\" content=\"article\" \/>\n<meta property=\"og:title\" content=\"Dopyt - STOP FINNING\" \/>\n<meta property=\"og:url\" content=\"https:\/\/dev.stop-finning-eu.org\/sk\/dopyt\/\" \/>\n<meta property=\"og:site_name\" content=\"STOP FINNING\" \/>\n<meta property=\"article:modified_time\" content=\"2022-02-14T21:01:28+00:00\" \/>\n<meta property=\"og:image\" content=\"https:\/\/dev.stop-finning-eu.org\/wp-content\/uploads\/2020\/02\/stop_finning_eu-en-1024x724.jpg\" \/>\n\t<meta property=\"og:image:width\" content=\"1024\" \/>\n\t<meta property=\"og:image:height\" content=\"724\" \/>\n\t<meta property=\"og:image:type\" content=\"image\/jpeg\" \/>\n<meta name=\"twitter:card\" content=\"summary_large_image\" \/>\n<meta name=\"twitter:label1\" content=\"Predpokladan\u00fd \u010das \u010d\u00edtania\" \/>\n\t<meta name=\"twitter:data1\" content=\"6 min\u00fat\" \/>\n<script type=\"application\/ld+json\" class=\"yoast-schema-graph\">{\"@context\":\"https:\/\/schema.org\",\"@graph\":[{\"@type\":\"WebSite\",\"@id\":\"https:\/\/dev.stop-finning-eu.org\/#website\",\"url\":\"https:\/\/dev.stop-finning-eu.org\/\",\"name\":\"STOP FINNING\",\"description\":\"It\u00b4s time for Europe to act!\",\"potentialAction\":[{\"@type\":\"SearchAction\",\"target\":{\"@type\":\"EntryPoint\",\"urlTemplate\":\"https:\/\/dev.stop-finning-eu.org\/?s={search_term_string}\"},\"query-input\":\"required name=search_term_string\"}],\"inLanguage\":\"sk-SK\"},{\"@type\":\"WebPage\",\"@id\":\"https:\/\/dev.stop-finning-eu.org\/sk\/dopyt\/#webpage\",\"url\":\"https:\/\/dev.stop-finning-eu.org\/sk\/dopyt\/\",\"name\":\"Dopyt - STOP FINNING\",\"isPartOf\":{\"@id\":\"https:\/\/dev.stop-finning-eu.org\/#website\"},\"datePublished\":\"2019-07-22T09:33:37+00:00\",\"dateModified\":\"2022-02-14T21:01:28+00:00\",\"breadcrumb\":{\"@id\":\"https:\/\/dev.stop-finning-eu.org\/sk\/dopyt\/#breadcrumb\"},\"inLanguage\":\"sk-SK\",\"potentialAction\":[{\"@type\":\"ReadAction\",\"target\":[\"https:\/\/dev.stop-finning-eu.org\/sk\/dopyt\/\"]}]},{\"@type\":\"BreadcrumbList\",\"@id\":\"https:\/\/dev.stop-finning-eu.org\/sk\/dopyt\/#breadcrumb\",\"itemListElement\":[{\"@type\":\"ListItem\",\"position\":1,\"name\":\"Startseite\",\"item\":\"https:\/\/dev.stop-finning-eu.org\/sk\/\"},{\"@type\":\"ListItem\",\"position\":2,\"name\":\"Dopyt\"}]}]}<\/script>\n<!-- \/ Yoast SEO plugin. -->","yoast_head_json":{"title":"Dopyt - STOP FINNING","robots":{"index":"index","follow":"follow","max-snippet":"max-snippet:-1","max-image-preview":"max-image-preview:large","max-video-preview":"max-video-preview:-1"},"canonical":"https:\/\/dev.stop-finning-eu.org\/sk\/dopyt\/","og_locale":"sk_SK","og_type":"article","og_title":"Dopyt - STOP FINNING","og_url":"https:\/\/dev.stop-finning-eu.org\/sk\/dopyt\/","og_site_name":"STOP FINNING","article_modified_time":"2022-02-14T21:01:28+00:00","og_image":[{"width":1024,"height":724,"url":"https:\/\/dev.stop-finning-eu.org\/wp-content\/uploads\/2020\/02\/stop_finning_eu-en-1024x724.jpg","type":"image\/jpeg"}],"twitter_card":"summary_large_image","twitter_misc":{"Predpokladan\u00fd \u010das \u010d\u00edtania":"6 min\u00fat"},"schema":{"@context":"https:\/\/schema.org","@graph":[{"@type":"WebSite","@id":"https:\/\/dev.stop-finning-eu.org\/#website","url":"https:\/\/dev.stop-finning-eu.org\/","name":"STOP FINNING","description":"It\u00b4s time for Europe to act!","potentialAction":[{"@type":"SearchAction","target":{"@type":"EntryPoint","urlTemplate":"https:\/\/dev.stop-finning-eu.org\/?s={search_term_string}"},"query-input":"required name=search_term_string"}],"inLanguage":"sk-SK"},{"@type":"WebPage","@id":"https:\/\/dev.stop-finning-eu.org\/sk\/dopyt\/#webpage","url":"https:\/\/dev.stop-finning-eu.org\/sk\/dopyt\/","name":"Dopyt - STOP FINNING","isPartOf":{"@id":"https:\/\/dev.stop-finning-eu.org\/#website"},"datePublished":"2019-07-22T09:33:37+00:00","dateModified":"2022-02-14T21:01:28+00:00","breadcrumb":{"@id":"https:\/\/dev.stop-finning-eu.org\/sk\/dopyt\/#breadcrumb"},"inLanguage":"sk-SK","potentialAction":[{"@type":"ReadAction","target":["https:\/\/dev.stop-finning-eu.org\/sk\/dopyt\/"]}]},{"@type":"BreadcrumbList","@id":"https:\/\/dev.stop-finning-eu.org\/sk\/dopyt\/#breadcrumb","itemListElement":[{"@type":"ListItem","position":1,"name":"Startseite","item":"https:\/\/dev.stop-finning-eu.org\/sk\/"},{"@type":"ListItem","position":2,"name":"Dopyt"}]}]}},"_links":{"self":[{"href":"https:\/\/dev.stop-finning-eu.org\/sk\/wp-json\/wp\/v2\/pages\/7596"}],"collection":[{"href":"https:\/\/dev.stop-finning-eu.org\/sk\/wp-json\/wp\/v2\/pages"}],"about":[{"href":"https:\/\/dev.stop-finning-eu.org\/sk\/wp-json\/wp\/v2\/types\/page"}],"author":[{"embeddable":true,"href":"https:\/\/dev.stop-finning-eu.org\/sk\/wp-json\/wp\/v2\/users\/6"}],"replies":[{"embeddable":true,"href":"https:\/\/dev.stop-finning-eu.org\/sk\/wp-json\/wp\/v2\/comments?post=7596"}],"version-history":[{"count":1,"href":"https:\/\/dev.stop-finning-eu.org\/sk\/wp-json\/wp\/v2\/pages\/7596\/revisions"}],"predecessor-version":[{"id":12158,"href":"https:\/\/dev.stop-finning-eu.org\/sk\/wp-json\/wp\/v2\/pages\/7596\/revisions\/12158"}],"wp:attachment":[{"href":"https:\/\/dev.stop-finning-eu.org\/sk\/wp-json\/wp\/v2\/media?parent=7596"}],"curies":[{"name":"wp","href":"https:\/\/api.w.org\/{rel}","templated":true}]}}