{"id":4186,"date":"2019-07-22T11:33:37","date_gmt":"2019-07-22T09:33:37","guid":{"rendered":"https:\/\/stop-finning.eu\/?page_id=4186"},"modified":"2022-02-15T21:50:55","modified_gmt":"2022-02-15T20:50:55","slug":"vraag-naar-haaienvlees","status":"publish","type":"page","link":"https:\/\/dev.stop-finning-eu.org\/nl\/vraag-naar-haaienvlees\/","title":{"rendered":"Vraag naar haaienvlees"},"content":{"rendered":"<p><div class=\"fusion-fullwidth fullwidth-box fusion-builder-row-1 nonhundred-percent-fullwidth non-hundred-percent-height-scrolling\" style=\"background-color: #25292b;background-position: left top;background-repeat: no-repeat;padding-top:100px;padding-right:0px;padding-bottom:0px;padding-left:0px;margin-bottom: 0px;margin-top: 0px;border-width: 0px 0px 0px 0px;border-color:#25292b;border-style:solid;\" ><div class=\"fusion-builder-row fusion-row\"><div class=\"fusion-layout-column fusion_builder_column fusion-builder-column-0 fusion_builder_column_1_1 1_1 fusion-one-full fusion-column-first fusion-column-last fusion-column-no-min-height\" style=\"margin-top:0px;margin-bottom:0px;\"><div class=\"fusion-column-wrapper fusion-flex-column-wrapper-legacy\" style=\"background-position:left top;background-repeat:no-repeat;-webkit-background-size:cover;-moz-background-size:cover;-o-background-size:cover;background-size:cover;padding: 0px 0px 0px 0px;\"><div class=\"fusion-text fusion-text-1\"><h2 style=\"text-align: left;\">Vraag naar haaienvlees<\/h2>\n<\/div><div class=\"fusion-clearfix\"><\/div><\/div><\/div><\/div><\/div><div class=\"fusion-fullwidth fullwidth-box fusion-builder-row-2 nonhundred-percent-fullwidth non-hundred-percent-height-scrolling\" style=\"background-color: #25292b;background-position: center center;background-repeat: no-repeat;padding-top:0px;padding-right:0px;padding-bottom:70px;padding-left:0px;margin-bottom: 0px;margin-top: 0px;border-width: 0px 0px 0px 0px;border-color:#25292b;border-style:solid;\" ><div class=\"fusion-builder-row fusion-row\"><div class=\"fusion-layout-column fusion_builder_column fusion-builder-column-1 fusion_builder_column_1_2 1_2 fusion-one-half fusion-column-first\" style=\"width:50%;width:calc(50% - ( ( 4% ) * 0.5 ) );margin-right: 4%;margin-top:0px;margin-bottom:20px;\"><div class=\"fusion-column-wrapper fusion-flex-column-wrapper-legacy\" style=\"background-position:left top;background-repeat:no-repeat;-webkit-background-size:cover;-moz-background-size:cover;-o-background-size:cover;background-size:cover;padding: 0px 0px 0px 0px;\"><div class=\"fusion-text fusion-text-2\"><p>Elk jaar sterven tussen 63 en 273 miljoen haaien als gevolg van de visserij[1]. Dit is waarschijnlijk een onderschatting, aangezien er een gebrek is aan betrouwbare gegevens en het aantal niet-gemelde gevallen door illegale visserij wereldwijd extreem hoog is. Op haaien wordt wereldwijd gejaagd, voornamelijk vanwege hun vinnen. Deze worden vooral in de Aziatische regio gegeten als haaienvinnensoep. Voor deze vermeende delicatesse, die slechts enkele grammen vinnen bevat, kan tot 90\u20ac worden gerekend[2]. Een lucratieve zaak met enorme winstmarges ten koste van de haaien!<\/p>\n<p>De vinnen worden vaak op een wrede manier verzameld door &#8220;vinnen&#8221;. Vinnen betekent dat de haaienvinnen op zee worden afgesneden terwijl het dier nog in leven is. De rest van de haai wordt overboord gegooid omdat hun vlees bijna waardeloos is in vergelijking met de vinnen. Zonder vinnen zinken de haaien naar de zeebodem waar ze stikken, doodbloeden of levend worden opgegeten.<\/p>\n<p>Dit haaienvinnenbedrijf wordt ook bevoorraad vanuit Europa.<\/p>\n<p>Sinds 2013 verbiedt de &#8220;Fins Naturally Attached&#8221;-verordening van de Europese Unie zonder uitzondering de opslag, overslag en aanlanding van alle haaienvinnen in de EU-wateren en op alle EU-schepen. De vinnen moeten op natuurlijke wijze aan het karkas blijven vastzitten wanneer het schip in de haven wordt gelost. De vinnen kunnen dan van het dier worden gescheiden en naar Azi\u00eb worden ge\u00ebxporteerd.<\/p>\n<p>Alleen al in 2016 heeft Spanje officieel 53.000 ton blauwe haai aan land gebracht, wat overeenkomt met ongeveer 1,75 miljoen dieren.[3] Ondanks de toenemende dreiging[4] is bijvoorbeeld de totale vangst van blauwe haaien in de Atlantische Oceaan sinds het begin van het millennium bijna verdubbeld. Bovendien wordt in Europa op andere haaiensoorten gejaagd, waarvan sommige meer bedreigd zijn, zoals de kortvinnige makohaai en de haringhaai.<\/p>\n<p>Deze vangst is bijna volledig de moeite waard vanwege de vinnen. Gemiddeld wordt jaarlijks iets minder dan 3.500 ton vinnen, met een totale waarde van ongeveer 52 miljoen euro[5], uit de EU ge\u00ebxporteerd.\u00a0 Als gevolg van de sporadische inspecties van vissersvaartuigen op zee kan niemand met zekerheid zeggen hoeveel haaienvinnen nog steeds illegaal in Europa worden aangeland[6].<\/p>\n<\/div><div class=\"fusion-clearfix\"><\/div><\/div><\/div><div class=\"fusion-layout-column fusion_builder_column fusion-builder-column-2 fusion_builder_column_1_2 1_2 fusion-one-half fusion-column-last\" style=\"width:50%;width:calc(50% - ( ( 4% ) * 0.5 ) );margin-top:0px;margin-bottom:20px;\"><div class=\"fusion-column-wrapper fusion-flex-column-wrapper-legacy\" style=\"background-position:left top;background-repeat:no-repeat;-webkit-background-size:cover;-moz-background-size:cover;-o-background-size:cover;background-size:cover;padding: 0px 0px 0px 0px;\"><div class=\"fusion-text fusion-text-3\"><p>De situatie in de wereldwijde handel in haaienvinnen is nog verontrustender. Slechts enkele landen hebben een &#8220;Fins Naturally Attached&#8221;-wet aangenomen (bijv. de VS, Canada, India, Zuid-Afrika). In veel landen is vinnen nog steeds toegestaan. Daarom is er nog steeds een enorme hoeveelheid vinnen op de wereldmarkt, waarvan de herkomst zelden te traceren is[8]. Deze kunnen echter nog steeds legaal in en door Europa worden verhandeld.<\/p>\n<\/div><div class=\"fusion-content-boxes content-boxes columns row fusion-columns-1 fusion-columns-total-3 fusion-content-boxes-1 content-boxes-timeline-vertical content-left content-boxes-timeline-layout content-boxes-icon-with-title fusion-delayed-animation\" data-animation-delay=\"350\" data-animationOffset=\"100%\" style=\"margin-top:0px;margin-bottom:0px;\"><style type=\"text\/css\">.fusion-content-boxes-1 .heading .content-box-heading {color:#ffffff;}\n\t\t\t\t\t.fusion-content-boxes-1 .fusion-content-box-hover .link-area-link-icon-hover .heading .content-box-heading,\n\t\t\t\t\t.fusion-content-boxes-1 .fusion-content-box-hover .link-area-link-icon-hover .heading .heading-link .content-box-heading,\n\t\t\t\t\t.fusion-content-boxes-1 .fusion-content-box-hover .link-area-box-hover .heading .content-box-heading,\n\t\t\t\t\t.fusion-content-boxes-1 .fusion-content-box-hover .link-area-box-hover .heading .heading-link .content-box-heading,\n\t\t\t\t\t.fusion-content-boxes-1 .fusion-content-box-hover .link-area-link-icon-hover.link-area-box .fusion-read-more,\n\t\t\t\t\t.fusion-content-boxes-1 .fusion-content-box-hover .link-area-link-icon-hover.link-area-box .fusion-read-more::after,\n\t\t\t\t\t.fusion-content-boxes-1 .fusion-content-box-hover .link-area-link-icon-hover.link-area-box .fusion-read-more::before,\n\t\t\t\t\t.fusion-content-boxes-1 .fusion-content-box-hover .fusion-read-more:hover:after,\n\t\t\t\t\t.fusion-content-boxes-1 .fusion-content-box-hover .fusion-read-more:hover:before,\n\t\t\t\t\t.fusion-content-boxes-1 .fusion-content-box-hover .fusion-read-more:hover,\n\t\t\t\t\t.fusion-content-boxes-1 .fusion-content-box-hover .link-area-box-hover.link-area-box .fusion-read-more,\n\t\t\t\t\t.fusion-content-boxes-1 .fusion-content-box-hover .link-area-box-hover.link-area-box .fusion-read-more::after,\n\t\t\t\t\t.fusion-content-boxes-1 .fusion-content-box-hover .link-area-box-hover.link-area-box .fusion-read-more::before,\n\t\t\t\t\t.fusion-content-boxes-1 .fusion-content-box-hover .link-area-link-icon-hover .icon .circle-no,\n\t\t\t\t\t.fusion-content-boxes-1 .heading .heading-link:hover .content-box-heading {\n\t\t\t\t\t\tcolor: #f05858;\n\t\t\t\t\t}\n\t\t\t\t\t.fusion-content-boxes-1 .fusion-content-box-hover .link-area-box-hover .icon .circle-no {\n\t\t\t\t\t\tcolor: #f05858 !important;\n\t\t\t\t\t}.fusion-content-boxes-1 .fusion-content-box-hover .link-area-box.link-area-box-hover .fusion-content-box-button {background: #d65a5a;color: #ffffff;}.fusion-content-boxes-1 .fusion-content-box-hover .link-area-box.link-area-box-hover .fusion-content-box-button .fusion-button-text {color: #ffffff;}\n\t\t\t\t\t.fusion-content-boxes-1 .fusion-content-box-hover .link-area-link-icon-hover .heading .icon > span {\n\t\t\t\t\t\tbackground-color: #f05858 !important;\n\t\t\t\t\t}\n\t\t\t\t\t.fusion-content-boxes-1 .fusion-content-box-hover .link-area-box-hover .heading .icon > span {\n\t\t\t\t\t\tborder-color: #f05858 !important;\n\t\t\t\t\t}\n\t\t\t\t\t\t.fusion-content-boxes-1 .fusion-content-box-hover .link-area-link-icon-hover.icon-hover-animation-pulsate .fontawesome-icon:after,\n\t\t\t\t\t\t.fusion-content-boxes-1 .fusion-content-box-hover .link-area-box-hover.icon-hover-animation-pulsate .fontawesome-icon:after,\n\t\t\t\t\t\t.fusion-content-boxes-1 .fusion-content-box-hover .link-area-link-icon-hover.icon-wrapper-hover-animation-pulsate .icon span:after,\n\t\t\t\t\t\t.fusion-content-boxes-1 .fusion-content-box-hover .link-area-box-hover.icon-wrapper-hover-animation-pulsate .icon span:after {\n\t\t\t\t\t\t\t-webkit-box-shadow:0 0 0 2px rgba(255,255,255,0.1), 0 0 10px 10px #f05858, 0 0 0 10px rgba(255,255,255,0.5);\n\t\t\t\t\t\t\t-moz-box-shadow:0 0 0 2px rgba(255,255,255,0.1), 0 0 10px 10px #f05858, 0 0 0 10px rgba(255,255,255,0.5);\n\t\t\t\t\t\t\tbox-shadow: 0 0 0 2px rgba(255,255,255,0.1), 0 0 10px 10px #f05858, 0 0 0 10px rgba(255,255,255,0.5);\n\t\t\t\t\t\t}\n\t\t\t\t\t<\/style><div class=\"fusion-column content-box-column content-box-column content-box-column-1 col-lg-12 col-md-12 col-sm-12 fusion-content-box-hover content-box-column-last-in-row\"><div class=\"col content-box-wrapper content-wrapper link-area-box icon-hover-animation-pulsate fusion-animated\" style=\"background-color:rgba(244,67,54,0);\" data-animationType=\"fadeIn\" data-animationDuration=\"0.25\" data-animationOffset=\"100%\"><div class=\"heading heading-with-icon icon-left\" style=\"margin-top:26px;\"><div class=\"icon\" style=\"margin-top:-26px;margin-bottom:-26px;-webkit-animation-duration: 350ms;animation-duration: 350ms;\"><i style=\"border-color:#ee6059;border-width:1px;background-color:#3f3f3f;box-sizing:content-box;height:50px;width:50px;line-height:50px;border-radius:50%;color:#ee6059;font-size:25px;\" aria-hidden=\"true\" class=\"fontawesome-icon fa-exclamation fas circle-yes\"><\/i><\/div><\/div><div class=\"fusion-clearfix\"><\/div><div class=\"content-container\" style=\"padding-left:72px;color:#aaa9a9;\">\n<p>Daarom vragen we: De handel met haaienvinnen in Europa moet onmiddellijk stoppen!<\/p>\n<\/div><div class=\"content-box-shortcode-timeline-vertical\" style=\"border-color:#ee6059;left:40px;top:25px;-webkit-transition-duration: 350ms;animation-duration: 350ms;\"><\/div><\/div><\/div><div class=\"fusion-column content-box-column content-box-column content-box-column-2 col-lg-12 col-md-12 col-sm-12 fusion-content-box-hover content-box-column-last-in-row\"><div class=\"col content-box-wrapper content-wrapper link-area-box icon-hover-animation-pulsate fusion-animated\" style=\"background-color:rgba(244,67,54,0);\" data-animationType=\"fadeIn\" data-animationDuration=\"0.25\" data-animationOffset=\"100%\"><div class=\"heading heading-with-icon icon-left\" style=\"margin-top:26px;\"><div class=\"icon\" style=\"margin-top:-26px;margin-bottom:-26px;-webkit-animation-duration: 350ms;animation-duration: 350ms;\"><i style=\"border-color:#ee6059;border-width:1px;background-color:#3f3f3f;box-sizing:content-box;height:50px;width:50px;line-height:50px;border-radius:50%;color:#ee6059;font-size:25px;\" aria-hidden=\"true\" class=\"fontawesome-icon fa-ban fas circle-yes\"><\/i><\/div><\/div><div class=\"fusion-clearfix\"><\/div><div class=\"content-container\" style=\"padding-left:72px;color:#aaa9a9;\">\n<p>De barbaarse praktijk van het vinnen van haaien kan alleen worden gestopt als de regulering van de handel dit financieel onpraktisch maakt.<\/p>\n<\/div><div class=\"content-box-shortcode-timeline-vertical\" style=\"border-color:#ee6059;left:40px;top:25px;-webkit-transition-duration: 350ms;animation-duration: 350ms;\"><\/div><\/div><\/div><div class=\"fusion-column content-box-column content-box-column content-box-column-3 col-lg-12 col-md-12 col-sm-12 fusion-content-box-hover content-box-column-last content-box-column-last-in-row\"><div class=\"col content-box-wrapper content-wrapper link-area-box icon-hover-animation-pulsate fusion-animated\" style=\"background-color:rgba(244,67,54,0);\" data-animationType=\"fadeIn\" data-animationDuration=\"0.25\" data-animationOffset=\"100%\"><div class=\"heading heading-with-icon icon-left\" style=\"margin-top:26px;\"><div class=\"icon\" style=\"margin-top:-26px;margin-bottom:-26px;-webkit-animation-duration: 350ms;animation-duration: 350ms;\"><i style=\"border-color:#ee6059;border-width:1px;background-color:#3f3f3f;box-sizing:content-box;height:50px;width:50px;line-height:50px;border-radius:50%;color:#ee6059;font-size:25px;\" aria-hidden=\"true\" class=\"fontawesome-icon fa-balance-scale-left fas circle-yes\"><\/i><\/div><\/div><div class=\"fusion-clearfix\"><\/div><div class=\"content-container\" style=\"padding-left:72px;color:#aaa9a9;\">\n<p>Daarom moet de &#8220;Fins Naturally Attached&#8221;-verordening in de Europese Unie worden uitgebreid tot de uitvoer, invoer en doorvoer van haaien en roggen.<\/p>\n<\/div><div class=\"content-box-shortcode-timeline-vertical\" style=\"border-color:#ee6059;left:40px;top:25px;-webkit-transition-duration: 350ms;animation-duration: 350ms;\"><\/div><\/div><\/div><style type=\"text\/css\">\n\t\t\t\t\t\t.fusion-content-boxes-1 .fusion-content-box-hover .heading-link:hover .icon i.circle-yes,\n\t\t\t\t\t\t.fusion-content-boxes-1 .fusion-content-box-hover .link-area-box:hover .heading-link .icon i.circle-yes,\n\t\t\t\t\t\t.fusion-content-boxes-1 .fusion-content-box-hover .link-area-link-icon-hover .heading .icon i.circle-yes,\n\t\t\t\t\t\t.fusion-content-boxes-1 .fusion-content-box-hover .link-area-box-hover .heading .icon i.circle-yes {\n\t\t\t\t\t\t\tbackground-color: #f05858 !important;\n\t\t\t\t\t\t\tborder-color: #f05858 !important;\n\t\t\t\t\t\t}<\/style><div class=\"fusion-clearfix\"><\/div><\/div><div class=\"fusion-text fusion-text-4\"><p>De huidige Fins Naturally Attached Regulation stelt: &#8220;Haaien zijn geen traditioneel Europees voedsel, maar ze zijn een noodzakelijk onderdeel van de Europese mariene ecosystemen&#8221;. Het is tijd om in Europa eindelijk consequent op te treden om de haaien en onze oceanen te beschermen! Daarom vragen wij u de uitbreiding van de wetgeving in de Europese Unie ter bescherming van onze zee\u00ebn te steunen.<\/p>\n<p>Steun ons op <a href=\"https:\/\/eci.ec.europa.eu\/012\/public\" target=\"_blank\" rel=\"noopener noreferrer\">https:\/\/eci.ec.europa.eu\/012\/public<\/a><\/p>\n<\/div><div class=\"fusion-clearfix\"><\/div><\/div><\/div><div class=\"fusion-layout-column fusion_builder_column fusion-builder-column-3 fusion_builder_column_1_1 1_1 fusion-one-full fusion-column-first fusion-column-last\" style=\"margin-top:0px;margin-bottom:20px;\"><div class=\"fusion-column-wrapper fusion-flex-column-wrapper-legacy\" style=\"background-position:left top;background-repeat:no-repeat;-webkit-background-size:cover;-moz-background-size:cover;-o-background-size:cover;background-size:cover;padding: 0px 0px 0px 0px;\"><div class=\"fusion-sep-clear\"><\/div><div class=\"fusion-separator fusion-full-width-sep\" style=\"margin-left: auto;margin-right: auto;width:100%;\"><div class=\"fusion-separator-border sep-single sep-solid\" style=\"border-color:#3e3e3e;border-top-width:1px;\"><\/div><\/div><div class=\"fusion-sep-clear\"><\/div><div class=\"fusion-text fusion-text-5\"><h6><sup>[1]<\/sup> \u00a0\u00a0 IUCN Shark Specialist Group, Frequently Asked Questions: Sharks, Rays, and chimaeras; <a href=\"https:\/\/www.iucnssg.org\/faqs.html\" target=\"_blank\" rel=\"noopener noreferrer\">https:\/\/www.iucnssg.org\/faqs.html<\/a>.<\/h6>\n<h6><sup>[2]<\/sup> \u00a0\u00a0 Kimley, Peter A. Peter, The Biology of Sharks and Rays, 2013, S. 451.<\/h6>\n<h6><sup>[3]<\/sup> \u00a0\u00a0 REGULATION (EU) No 605\/2013 OF THE EUROPEAN PARLIAMENT AND OF THE COUNCIL of 12 June 2013.<\/h6>\n<h6><sup>[4]<\/sup> \u00a0\u00a0 Bericht der Knorpelfisch-Arbeitsgruppe des International Council for the Exploration of the Sea (ICES), 2018. F\u00fcr die Berechnung der Anzahl Tiere wurde ein durchschnittliches Gewicht von etwa 30 Kilogramm pro Blauhai angenommen.<\/h6>\n<h6><sup>[5]<\/sup> \u00a0\u00a0 IUCN Einstufung als \u201cNear Threatened\u201d \/ \u201can der Grenze zu bedroht\u201d auf <a href=\"https:\/\/www.iucnredlist.org\/species\/39381\/48924261\" target=\"_blank\" rel=\"noopener noreferrer\">https:\/\/www.iucnredlist.org\/species\/39381\/48924261<\/a>.<\/h6>\n<h6><sup>[6]<\/sup> \u00a0\u00a0 Felix Dent, Shelley Clarke; State of the global market for shark products;FAO FISHERIES AND AQUACULTURE TECHNICAL PAPER 590; Rom 2015; Seite 71ff.<\/h6>\n<h6><sup>[7]<\/sup> \u00a0\u00a0 Beobachterquote auf spanischen Langleinenflotten die im Atlantik Schwertfisch und Blauhai fangen betr\u00e4gt lediglich 1-3%;\u00a0 North and South Atlantic swordfish Spanish longline fishery; MSC Public Comment Draft Report, Volume 1; October 2016; Seite 44 pp .<\/h6>\n<h6><sup>[8]<\/sup> \u00a0\u00a0 Einmal vom K\u00f6rper getrennt, l\u00e4sst sich kaum noch feststellen, von welchem Tier die Flosse stammt. Ebenso betroffen wie die Haie sind deshalb \u00fcbrigens auch Rochen: Wainwright, B.J., Ip, Y.C.A., Neo, M.L. et al. Conserv Gene, DNA barcoding of traded shark fins, meat and mobulid gill plates in Singapore uncovers numerous threatened species, 2018.<\/h6>\n<\/div><div class=\"fusion-clearfix\"><\/div><\/div><\/div><\/div><\/div><\/p>\n","protected":false},"excerpt":{"rendered":"","protected":false},"author":6,"featured_media":0,"parent":0,"menu_order":0,"comment_status":"closed","ping_status":"closed","template":"100-width.php","meta":[],"yoast_head":"<!-- This site is optimized with the Yoast SEO plugin v18.1 - https:\/\/yoast.com\/wordpress\/plugins\/seo\/ -->\n<title>Vraag naar haaienvlees - STOP FINNING<\/title>\n<meta name=\"robots\" content=\"index, follow, max-snippet:-1, max-image-preview:large, max-video-preview:-1\" \/>\n<link rel=\"canonical\" href=\"https:\/\/dev.stop-finning-eu.org\/nl\/vraag-naar-haaienvlees\/\" \/>\n<meta property=\"og:locale\" content=\"nl_NL\" \/>\n<meta property=\"og:type\" content=\"article\" \/>\n<meta property=\"og:title\" content=\"Vraag naar haaienvlees - STOP FINNING\" \/>\n<meta property=\"og:url\" content=\"https:\/\/dev.stop-finning-eu.org\/nl\/vraag-naar-haaienvlees\/\" \/>\n<meta property=\"og:site_name\" content=\"STOP FINNING\" \/>\n<meta property=\"article:modified_time\" content=\"2022-02-15T20:50:55+00:00\" \/>\n<meta property=\"og:image\" content=\"https:\/\/dev.stop-finning-eu.org\/wp-content\/uploads\/2020\/02\/stop_finning_eu-en-1024x724.jpg\" \/>\n\t<meta property=\"og:image:width\" content=\"1024\" \/>\n\t<meta property=\"og:image:height\" content=\"724\" \/>\n\t<meta property=\"og:image:type\" content=\"image\/jpeg\" \/>\n<meta name=\"twitter:card\" content=\"summary_large_image\" \/>\n<meta name=\"twitter:label1\" content=\"Geschatte leestijd\" \/>\n\t<meta name=\"twitter:data1\" content=\"9 minuten\" \/>\n<script type=\"application\/ld+json\" class=\"yoast-schema-graph\">{\"@context\":\"https:\/\/schema.org\",\"@graph\":[{\"@type\":\"WebSite\",\"@id\":\"https:\/\/dev.stop-finning-eu.org\/#website\",\"url\":\"https:\/\/dev.stop-finning-eu.org\/\",\"name\":\"STOP FINNING\",\"description\":\"It\u00b4s time for Europe to act!\",\"potentialAction\":[{\"@type\":\"SearchAction\",\"target\":{\"@type\":\"EntryPoint\",\"urlTemplate\":\"https:\/\/dev.stop-finning-eu.org\/?s={search_term_string}\"},\"query-input\":\"required name=search_term_string\"}],\"inLanguage\":\"nl\"},{\"@type\":\"WebPage\",\"@id\":\"https:\/\/dev.stop-finning-eu.org\/nl\/vraag-naar-haaienvlees\/#webpage\",\"url\":\"https:\/\/dev.stop-finning-eu.org\/nl\/vraag-naar-haaienvlees\/\",\"name\":\"Vraag naar haaienvlees - STOP FINNING\",\"isPartOf\":{\"@id\":\"https:\/\/dev.stop-finning-eu.org\/#website\"},\"datePublished\":\"2019-07-22T09:33:37+00:00\",\"dateModified\":\"2022-02-15T20:50:55+00:00\",\"breadcrumb\":{\"@id\":\"https:\/\/dev.stop-finning-eu.org\/nl\/vraag-naar-haaienvlees\/#breadcrumb\"},\"inLanguage\":\"nl\",\"potentialAction\":[{\"@type\":\"ReadAction\",\"target\":[\"https:\/\/dev.stop-finning-eu.org\/nl\/vraag-naar-haaienvlees\/\"]}]},{\"@type\":\"BreadcrumbList\",\"@id\":\"https:\/\/dev.stop-finning-eu.org\/nl\/vraag-naar-haaienvlees\/#breadcrumb\",\"itemListElement\":[{\"@type\":\"ListItem\",\"position\":1,\"name\":\"Startseite\",\"item\":\"https:\/\/dev.stop-finning-eu.org\/nl\/\"},{\"@type\":\"ListItem\",\"position\":2,\"name\":\"Vraag naar haaienvlees\"}]}]}<\/script>\n<!-- \/ Yoast SEO plugin. -->","yoast_head_json":{"title":"Vraag naar haaienvlees - STOP FINNING","robots":{"index":"index","follow":"follow","max-snippet":"max-snippet:-1","max-image-preview":"max-image-preview:large","max-video-preview":"max-video-preview:-1"},"canonical":"https:\/\/dev.stop-finning-eu.org\/nl\/vraag-naar-haaienvlees\/","og_locale":"nl_NL","og_type":"article","og_title":"Vraag naar haaienvlees - STOP FINNING","og_url":"https:\/\/dev.stop-finning-eu.org\/nl\/vraag-naar-haaienvlees\/","og_site_name":"STOP FINNING","article_modified_time":"2022-02-15T20:50:55+00:00","og_image":[{"width":1024,"height":724,"url":"https:\/\/dev.stop-finning-eu.org\/wp-content\/uploads\/2020\/02\/stop_finning_eu-en-1024x724.jpg","type":"image\/jpeg"}],"twitter_card":"summary_large_image","twitter_misc":{"Geschatte leestijd":"9 minuten"},"schema":{"@context":"https:\/\/schema.org","@graph":[{"@type":"WebSite","@id":"https:\/\/dev.stop-finning-eu.org\/#website","url":"https:\/\/dev.stop-finning-eu.org\/","name":"STOP FINNING","description":"It\u00b4s time for Europe to act!","potentialAction":[{"@type":"SearchAction","target":{"@type":"EntryPoint","urlTemplate":"https:\/\/dev.stop-finning-eu.org\/?s={search_term_string}"},"query-input":"required name=search_term_string"}],"inLanguage":"nl"},{"@type":"WebPage","@id":"https:\/\/dev.stop-finning-eu.org\/nl\/vraag-naar-haaienvlees\/#webpage","url":"https:\/\/dev.stop-finning-eu.org\/nl\/vraag-naar-haaienvlees\/","name":"Vraag naar haaienvlees - STOP FINNING","isPartOf":{"@id":"https:\/\/dev.stop-finning-eu.org\/#website"},"datePublished":"2019-07-22T09:33:37+00:00","dateModified":"2022-02-15T20:50:55+00:00","breadcrumb":{"@id":"https:\/\/dev.stop-finning-eu.org\/nl\/vraag-naar-haaienvlees\/#breadcrumb"},"inLanguage":"nl","potentialAction":[{"@type":"ReadAction","target":["https:\/\/dev.stop-finning-eu.org\/nl\/vraag-naar-haaienvlees\/"]}]},{"@type":"BreadcrumbList","@id":"https:\/\/dev.stop-finning-eu.org\/nl\/vraag-naar-haaienvlees\/#breadcrumb","itemListElement":[{"@type":"ListItem","position":1,"name":"Startseite","item":"https:\/\/dev.stop-finning-eu.org\/nl\/"},{"@type":"ListItem","position":2,"name":"Vraag naar haaienvlees"}]}]}},"_links":{"self":[{"href":"https:\/\/dev.stop-finning-eu.org\/nl\/wp-json\/wp\/v2\/pages\/4186"}],"collection":[{"href":"https:\/\/dev.stop-finning-eu.org\/nl\/wp-json\/wp\/v2\/pages"}],"about":[{"href":"https:\/\/dev.stop-finning-eu.org\/nl\/wp-json\/wp\/v2\/types\/page"}],"author":[{"embeddable":true,"href":"https:\/\/dev.stop-finning-eu.org\/nl\/wp-json\/wp\/v2\/users\/6"}],"replies":[{"embeddable":true,"href":"https:\/\/dev.stop-finning-eu.org\/nl\/wp-json\/wp\/v2\/comments?post=4186"}],"version-history":[{"count":1,"href":"https:\/\/dev.stop-finning-eu.org\/nl\/wp-json\/wp\/v2\/pages\/4186\/revisions"}],"predecessor-version":[{"id":12045,"href":"https:\/\/dev.stop-finning-eu.org\/nl\/wp-json\/wp\/v2\/pages\/4186\/revisions\/12045"}],"wp:attachment":[{"href":"https:\/\/dev.stop-finning-eu.org\/nl\/wp-json\/wp\/v2\/media?parent=4186"}],"curies":[{"name":"wp","href":"https:\/\/api.w.org\/{rel}","templated":true}]}}