{"id":3846,"date":"2019-07-22T11:33:37","date_gmt":"2019-07-22T09:33:37","guid":{"rendered":"https:\/\/stop-finning.eu\/requirement\/"},"modified":"2022-02-14T21:00:06","modified_gmt":"2022-02-14T20:00:06","slug":"revendication","status":"publish","type":"page","link":"https:\/\/dev.stop-finning-eu.org\/fr\/revendication\/","title":{"rendered":"Revendication"},"content":{"rendered":"<p><div class=\"fusion-fullwidth fullwidth-box fusion-builder-row-1 nonhundred-percent-fullwidth non-hundred-percent-height-scrolling\" style=\"background-color: #25292b;background-position: left top;background-repeat: no-repeat;padding-top:100px;padding-right:0px;padding-bottom:0px;padding-left:0px;margin-bottom: 0px;margin-top: 0px;border-width: 0px 0px 0px 0px;border-color:#25292b;border-style:solid;\" ><div class=\"fusion-builder-row fusion-row\"><div class=\"fusion-layout-column fusion_builder_column fusion-builder-column-0 fusion_builder_column_1_1 1_1 fusion-one-full fusion-column-first fusion-column-last fusion-column-no-min-height\" style=\"margin-top:0px;margin-bottom:0px;\"><div class=\"fusion-column-wrapper fusion-flex-column-wrapper-legacy\" style=\"background-position:left top;background-repeat:no-repeat;-webkit-background-size:cover;-moz-background-size:cover;-o-background-size:cover;background-size:cover;padding: 0px 0px 0px 0px;\"><div class=\"fusion-text fusion-text-1\"><h2 style=\"text-align: left;\">Revendication<\/h2>\n<\/div><div class=\"fusion-clearfix\"><\/div><\/div><\/div><\/div><\/div><div class=\"fusion-fullwidth fullwidth-box fusion-builder-row-2 nonhundred-percent-fullwidth non-hundred-percent-height-scrolling\" style=\"background-color: #25292b;background-position: center center;background-repeat: no-repeat;padding-top:0px;padding-right:0px;padding-bottom:70px;padding-left:0px;margin-bottom: 0px;margin-top: 0px;border-width: 0px 0px 0px 0px;border-color:#25292b;border-style:solid;\" ><div class=\"fusion-builder-row fusion-row\"><div class=\"fusion-layout-column fusion_builder_column fusion-builder-column-1 fusion_builder_column_1_2 1_2 fusion-one-half fusion-column-first\" style=\"width:50%;width:calc(50% - ( ( 4% ) * 0.5 ) );margin-right: 4%;margin-top:0px;margin-bottom:20px;\"><div class=\"fusion-column-wrapper fusion-flex-column-wrapper-legacy\" style=\"background-position:left top;background-repeat:no-repeat;-webkit-background-size:cover;-moz-background-size:cover;-o-background-size:cover;background-size:cover;padding: 0px 0px 0px 0px;\"><div class=\"fusion-text fusion-text-2\"><p>Chaque ann\u00e9e, entre 63 et 273 millions de requin meurent [1] \u00e0 cause de la p\u00eache. Toutefois, ces chiffres sont probablement minimis\u00e9s car nous manquons de donn\u00e9es fiables et \u00e0 cause du nombre tr\u00e8s \u00e9lev\u00e9 de cas de p\u00eache ill\u00e9gale non document\u00e9s dans le monde. Dans le monde entier, les requins sont chass\u00e9s, principalement pour leurs ailerons. Ils sont principalement consomm\u00e9s en Asie, sous forme de soupe d\u2019ailerons de requin. Pour ce pr\u00e9tendu mets de choix de quelques grammes d\u2019ailerons, il faut d\u00e9bourser jusqu\u2019\u00e0 90 \u20ac. [2] C\u2019est un commerce tr\u00e8s lucratif avec d\u2019\u00e9normes b\u00e9n\u00e9fices, qui se fait au d\u00e9triment des requins !<\/p>\n<p>Souvent, les ailerons sont obtenus d\u2019une mani\u00e8re cruelle, par la technique de \u00ab la p\u00eache aux ailerons \u00bb. \u00ab La p\u00eache aux ailerons \u00bb consiste \u00e0 couper les ailerons des requins vivants. Ensuite, les animaux sont jet\u00e9s par-dessus bord, parce que leur viande est presque sans valeur, par rapport aux ailerons. Sans leurs ailerons, les requins coulent au fond de la mer pour y suffoquer, s\u2019y vider de leur sang jusqu\u2019\u00e0 la mort ou bien y \u00eatre d\u00e9vor\u00e9s vivants.<\/p>\n<p>Ce commerce est aussi favoris\u00e9 depuis l\u2019Europe.<\/p>\n<p>Depuis 2013, la r\u00e9glementation de l\u2019UE \u00ab Fins Naturally Attached \u00bb interdit sans exception le stockage, le transbordement et le d\u00e9barquement de tous les ailerons de requins dans toutes les eaux et sur tous les navires de l\u2019UE. Les ailerons doivent rester attach\u00e9s naturellement \u00e0 la carcasse lorsque le navire est d\u00e9charg\u00e9 au port. Les ailerons peuvent ensuite \u00eatre s\u00e9par\u00e9s de l\u2019animal et export\u00e9s en Asie.<\/p>\n<p>Pour la seule ann\u00e9e 2016, l\u2019Espagne a officiellement d\u00e9barqu\u00e9 53000 tonnes de requin bleu, ce qui correspond \u00e0 environ 1,75 million d\u2019animaux [4]. Malgr\u00e9 la menace croissante [5], le total des captures de requin bleu dans l\u2019Atlantique a par exemple presque doubl\u00e9 par rapport \u00e0 l\u2019an 2000. En outre, d\u2019autres esp\u00e8ces de requins, y compris des esp\u00e8ces plus menac\u00e9es comme le Mako \u00e0 nageoires courtes et la Mara\u00eeche, sont chass\u00e9es en Europe.<\/p>\n<p>Cette p\u00eache ne vaut presque que pour les ailerons. L\u2019UE exporte en moyenne pr\u00e8s de 3500 tonnes d\u2019ailerons par an, pour une valeur totale d\u2019environ 52 millions d\u2019euros. [6] Parce que m\u00eame en Europe, il est pratiquement impossible de contr\u00f4ler les navires de p\u00eache, personne ne peut dire avec certitude combien d\u2019ailerons de requins sont encore d\u00e9barqu\u00e9s ill\u00e9galement en Europe.[7]<\/p>\n<\/div><div class=\"fusion-clearfix\"><\/div><\/div><\/div><div class=\"fusion-layout-column fusion_builder_column fusion-builder-column-2 fusion_builder_column_1_2 1_2 fusion-one-half fusion-column-last\" style=\"width:50%;width:calc(50% - ( ( 4% ) * 0.5 ) );margin-top:0px;margin-bottom:20px;\"><div class=\"fusion-column-wrapper fusion-flex-column-wrapper-legacy\" style=\"background-position:left top;background-repeat:no-repeat;-webkit-background-size:cover;-moz-background-size:cover;-o-background-size:cover;background-size:cover;padding: 0px 0px 0px 0px;\"><div class=\"fusion-text fusion-text-3\"><p>Dans le monde entier, la situation concernant le commerce des ailerons de requins est encore plus explosive. Seulement quelques \u00c9tats ont promulgu\u00e9 une loi de \u00ab Fins Naturally Attached \u00bb (par exemple les \u00c9tats-Unis, le Canada, l\u2019Inde, l\u2019Afrique du Sud). Dans de nombreux pays, la p\u00eache aux ailerons est m\u00eame encore autoris\u00e9e. Il existe donc encore un \u00e9norme volume d\u2019ailerons sur le march\u00e9 mondial, dont l\u2019origine est rarement tra\u00e7able [8]. Pourtant, ces ailerons peuvent \u00eatre \u00e9chang\u00e9s en tout l\u00e9galit\u00e9 depuis et \u00e0 travers l\u2019Europe.<\/p>\n<\/div><div class=\"fusion-content-boxes content-boxes columns row fusion-columns-1 fusion-columns-total-3 fusion-content-boxes-1 content-boxes-timeline-vertical content-left content-boxes-timeline-layout content-boxes-icon-with-title fusion-delayed-animation\" data-animation-delay=\"350\" data-animationOffset=\"100%\" style=\"margin-top:0px;margin-bottom:0px;\"><style type=\"text\/css\">.fusion-content-boxes-1 .heading .content-box-heading {color:#ffffff;}\n\t\t\t\t\t.fusion-content-boxes-1 .fusion-content-box-hover .link-area-link-icon-hover .heading .content-box-heading,\n\t\t\t\t\t.fusion-content-boxes-1 .fusion-content-box-hover .link-area-link-icon-hover .heading .heading-link .content-box-heading,\n\t\t\t\t\t.fusion-content-boxes-1 .fusion-content-box-hover .link-area-box-hover .heading .content-box-heading,\n\t\t\t\t\t.fusion-content-boxes-1 .fusion-content-box-hover .link-area-box-hover .heading .heading-link .content-box-heading,\n\t\t\t\t\t.fusion-content-boxes-1 .fusion-content-box-hover .link-area-link-icon-hover.link-area-box .fusion-read-more,\n\t\t\t\t\t.fusion-content-boxes-1 .fusion-content-box-hover .link-area-link-icon-hover.link-area-box .fusion-read-more::after,\n\t\t\t\t\t.fusion-content-boxes-1 .fusion-content-box-hover .link-area-link-icon-hover.link-area-box .fusion-read-more::before,\n\t\t\t\t\t.fusion-content-boxes-1 .fusion-content-box-hover .fusion-read-more:hover:after,\n\t\t\t\t\t.fusion-content-boxes-1 .fusion-content-box-hover .fusion-read-more:hover:before,\n\t\t\t\t\t.fusion-content-boxes-1 .fusion-content-box-hover .fusion-read-more:hover,\n\t\t\t\t\t.fusion-content-boxes-1 .fusion-content-box-hover .link-area-box-hover.link-area-box .fusion-read-more,\n\t\t\t\t\t.fusion-content-boxes-1 .fusion-content-box-hover .link-area-box-hover.link-area-box .fusion-read-more::after,\n\t\t\t\t\t.fusion-content-boxes-1 .fusion-content-box-hover .link-area-box-hover.link-area-box .fusion-read-more::before,\n\t\t\t\t\t.fusion-content-boxes-1 .fusion-content-box-hover .link-area-link-icon-hover .icon .circle-no,\n\t\t\t\t\t.fusion-content-boxes-1 .heading .heading-link:hover .content-box-heading {\n\t\t\t\t\t\tcolor: #f05858;\n\t\t\t\t\t}\n\t\t\t\t\t.fusion-content-boxes-1 .fusion-content-box-hover .link-area-box-hover .icon .circle-no {\n\t\t\t\t\t\tcolor: #f05858 !important;\n\t\t\t\t\t}.fusion-content-boxes-1 .fusion-content-box-hover .link-area-box.link-area-box-hover .fusion-content-box-button {background: #d65a5a;color: #ffffff;}.fusion-content-boxes-1 .fusion-content-box-hover .link-area-box.link-area-box-hover .fusion-content-box-button .fusion-button-text {color: #ffffff;}\n\t\t\t\t\t.fusion-content-boxes-1 .fusion-content-box-hover .link-area-link-icon-hover .heading .icon > span {\n\t\t\t\t\t\tbackground-color: #f05858 !important;\n\t\t\t\t\t}\n\t\t\t\t\t.fusion-content-boxes-1 .fusion-content-box-hover .link-area-box-hover .heading .icon > span {\n\t\t\t\t\t\tborder-color: #f05858 !important;\n\t\t\t\t\t}\n\t\t\t\t\t\t.fusion-content-boxes-1 .fusion-content-box-hover .link-area-link-icon-hover.icon-hover-animation-pulsate .fontawesome-icon:after,\n\t\t\t\t\t\t.fusion-content-boxes-1 .fusion-content-box-hover .link-area-box-hover.icon-hover-animation-pulsate .fontawesome-icon:after,\n\t\t\t\t\t\t.fusion-content-boxes-1 .fusion-content-box-hover .link-area-link-icon-hover.icon-wrapper-hover-animation-pulsate .icon span:after,\n\t\t\t\t\t\t.fusion-content-boxes-1 .fusion-content-box-hover .link-area-box-hover.icon-wrapper-hover-animation-pulsate .icon span:after {\n\t\t\t\t\t\t\t-webkit-box-shadow:0 0 0 2px rgba(255,255,255,0.1), 0 0 10px 10px #f05858, 0 0 0 10px rgba(255,255,255,0.5);\n\t\t\t\t\t\t\t-moz-box-shadow:0 0 0 2px rgba(255,255,255,0.1), 0 0 10px 10px #f05858, 0 0 0 10px rgba(255,255,255,0.5);\n\t\t\t\t\t\t\tbox-shadow: 0 0 0 2px rgba(255,255,255,0.1), 0 0 10px 10px #f05858, 0 0 0 10px rgba(255,255,255,0.5);\n\t\t\t\t\t\t}\n\t\t\t\t\t<\/style><div class=\"fusion-column content-box-column content-box-column content-box-column-1 col-lg-12 col-md-12 col-sm-12 fusion-content-box-hover content-box-column-last-in-row\"><div class=\"col content-box-wrapper content-wrapper link-area-box icon-hover-animation-pulsate fusion-animated\" style=\"background-color:rgba(244,67,54,0);\" data-animationType=\"fadeIn\" data-animationDuration=\"0.25\" data-animationOffset=\"100%\"><div class=\"heading heading-with-icon icon-left\" style=\"margin-top:35px;\"><div aria-hidden=\"true\" class=\"image\"><img src=\"https:\/\/dev.stop-finning.eu\/wp-content\/uploads\/\" width=\"35\" height=\"35\" alt=\"\" \/><\/div><\/div><div class=\"fusion-clearfix\"><\/div><div class=\"content-container\" style=\"padding-left:55px;color:#aaa9a9;\">\n<p>C\u2019est pourquoi nous exigeons l\u2019arr\u00eat imm\u00e9diat du commerce d\u2019ailerons de requin !<\/p>\n<\/div><div class=\"content-box-shortcode-timeline-vertical\" style=\"border-color:#ee6059;left:32px;top:17.5px;-webkit-transition-duration: 350ms;animation-duration: 350ms;\"><\/div><\/div><\/div><div class=\"fusion-column content-box-column content-box-column content-box-column-2 col-lg-12 col-md-12 col-sm-12 fusion-content-box-hover content-box-column-last-in-row\"><div class=\"col content-box-wrapper content-wrapper link-area-box icon-hover-animation-pulsate fusion-animated\" style=\"background-color:rgba(244,67,54,0);\" data-animationType=\"fadeIn\" data-animationDuration=\"0.25\" data-animationOffset=\"100%\"><div class=\"heading heading-with-icon icon-left\" style=\"margin-top:35px;\"><div aria-hidden=\"true\" class=\"image\"><img src=\"https:\/\/dev.stop-finning.eu\/wp-content\/uploads\/\" width=\"35\" height=\"35\" alt=\"\" \/><\/div><\/div><div class=\"fusion-clearfix\"><\/div><div class=\"content-container\" style=\"padding-left:55px;color:#aaa9a9;\">\n<p>La pratique barbare de \u00ab la p\u00eache aux ailerons \u00bb ne cessera que quand la r\u00e9glementation emp\u00eachera son commerce d\u2019\u00eatre rentable financi\u00e8rement.<\/p>\n<\/div><div class=\"content-box-shortcode-timeline-vertical\" style=\"border-color:#ee6059;left:32px;top:17.5px;-webkit-transition-duration: 350ms;animation-duration: 350ms;\"><\/div><\/div><\/div><div class=\"fusion-column content-box-column content-box-column content-box-column-3 col-lg-12 col-md-12 col-sm-12 fusion-content-box-hover content-box-column-last content-box-column-last-in-row\"><div class=\"col content-box-wrapper content-wrapper link-area-box icon-hover-animation-pulsate fusion-animated\" style=\"background-color:rgba(244,67,54,0);\" data-animationType=\"fadeIn\" data-animationDuration=\"0.25\" data-animationOffset=\"100%\"><div class=\"heading heading-with-icon icon-left\" style=\"margin-top:35px;\"><div aria-hidden=\"true\" class=\"image\"><img src=\"https:\/\/dev.stop-finning.eu\/wp-content\/uploads\/\" width=\"35\" height=\"35\" alt=\"\" \/><\/div><\/div><div class=\"fusion-clearfix\"><\/div><div class=\"content-container\" style=\"padding-left:55px;color:#aaa9a9;\">\n<p>Il est donc n\u00e9cessaire d\u2019\u00e9largir la r\u00e9glementation \u00ab Fins Naturally Attached \u00bb de l\u2019Union Europ\u00e9enne \u00e0 l\u2019exportation, \u00e0 l\u2019importation et au transit des requins et des raies.<\/p>\n<\/div><div class=\"content-box-shortcode-timeline-vertical\" style=\"border-color:#ee6059;left:32px;top:17.5px;-webkit-transition-duration: 350ms;animation-duration: 350ms;\"><\/div><\/div><\/div><style type=\"text\/css\">\n\t\t\t\t\t\t.fusion-content-boxes-1 .fusion-content-box-hover .heading-link:hover .icon i.circle-yes,\n\t\t\t\t\t\t.fusion-content-boxes-1 .fusion-content-box-hover .link-area-box:hover .heading-link .icon i.circle-yes,\n\t\t\t\t\t\t.fusion-content-boxes-1 .fusion-content-box-hover .link-area-link-icon-hover .heading .icon i.circle-yes,\n\t\t\t\t\t\t.fusion-content-boxes-1 .fusion-content-box-hover .link-area-box-hover .heading .icon i.circle-yes {\n\t\t\t\t\t\t\tbackground-color: #f05858 !important;\n\t\t\t\t\t\t\tborder-color: #f05858 !important;\n\t\t\t\t\t\t}<\/style><div class=\"fusion-clearfix\"><\/div><\/div><div class=\"fusion-text fusion-text-4\"><p>La r\u00e9glementation \u00ab Fins Naturally Attached \u00bb stipule que : \u00abLes requins ne sont pas un aliment europ\u00e9en traditionnel, mais ils sont un \u00e9l\u00e9ment n\u00e9cessaire des \u00e9cosyst\u00e8mes marins europ\u00e9ens. \u00bb\u00a0 Il est temps de prendre enfin des mesures coh\u00e9rentes en Europe pour prot\u00e9ger les requins et nos oc\u00e9ans ! C\u2019est pourquoi nous vous demandons de soutenir cette opportunit\u00e9 d\u2019\u00e9tendre la r\u00e9glementation dans l\u2019UE pour prot\u00e9ger nos oc\u00e9ans.<\/p>\n<p>Soutenez l\u2019initiative ici : <a href=\"https:\/\/eci.ec.europa.eu\/012\/public\" target=\"_blank\" rel=\"noopener noreferrer\">https:\/\/eci.ec.europa.eu\/012\/public<\/a><\/p>\n<\/div><div class=\"fusion-clearfix\"><\/div><\/div><\/div><div class=\"fusion-layout-column fusion_builder_column fusion-builder-column-3 fusion_builder_column_1_1 1_1 fusion-one-full fusion-column-first fusion-column-last\" style=\"margin-top:0px;margin-bottom:20px;\"><div class=\"fusion-column-wrapper fusion-flex-column-wrapper-legacy\" style=\"background-position:left top;background-repeat:no-repeat;-webkit-background-size:cover;-moz-background-size:cover;-o-background-size:cover;background-size:cover;padding: 0px 0px 0px 0px;\"><div class=\"fusion-sep-clear\"><\/div><div class=\"fusion-separator fusion-full-width-sep\" style=\"margin-left: auto;margin-right: auto;width:100%;\"><div class=\"fusion-separator-border sep-single sep-solid\" style=\"border-color:#3e3e3e;border-top-width:1px;\"><\/div><\/div><div class=\"fusion-sep-clear\"><\/div><div class=\"fusion-text fusion-text-5\"><h6><sup>[1]<\/sup> \u00a0\u00a0 IUCN Shark Specialist Group, Frequently Asked Questions: Sharks, Rays, and chimaeras; <a href=\"https:\/\/www.iucnssg.org\/faqs.html\" target=\"_blank\" rel=\"noopener noreferrer\">https:\/\/www.iucnssg.org\/faqs.html<\/a>.<\/h6>\n<h6><sup>[2]<\/sup> \u00a0\u00a0 Kimley, Peter A. Peter, The Biology of Sharks and Rays, 2013, S. 451.<\/h6>\n<h6><sup>[3]<\/sup> \u00a0\u00a0 REGULATION (EU) No 605\/2013 OF THE EUROPEAN PARLIAMENT AND OF THE COUNCIL of 12 June 2013.<\/h6>\n<h6><sup>[4]<\/sup> \u00a0\u00a0 Rapport du groupe de travail sur les poissons cartilagineux du Conseil international pour l&rsquo;exploration de la mer (CIEM), 2018. Pour le calcul du nombre d&rsquo;animaux, un poids moyen d&rsquo;environ 30 kilogrammes par requin bleu a \u00e9t\u00e9 suppos\u00e9.<\/h6>\n<h6><sup>[5]<\/sup> \u00a0 Classification UICN comme \u00abQuasi menac\u00e9e\u00bb \/ \u00abMenac\u00e9e \u00e0 la fronti\u00e8re\u00bb <a href=\"https:\/\/www.iucnredlist.org\/species\/39381\/48924261\" target=\"_blank\" rel=\"noopener noreferrer\">https:\/\/www.iucnredlist.org\/species\/39381\/48924261<\/a>.<\/h6>\n<h6><sup>[6]<\/sup> \u00a0\u00a0 Felix Dent, Shelley Clarke; State of the global market for shark products;FAO FISHERIES AND AQUACULTURE TECHNICAL PAPER 590; Rom 2015; Seite 71ff.<\/h6>\n<h6><sup>[7]<\/sup> \u00a0\u00a0 Le taux d&rsquo;observation des flottilles palangri\u00e8res espagnoles qui capturent l&rsquo;espadon et le requin bleu dans l&rsquo;Atlantique n&rsquo;est que de 1 \u00e0 3%;\u00a0 North and South Atlantic swordfish Spanish longline fishery; MSC Public Comment Draft Report, Volume 1; October 2016; Seite 44 pp .<\/h6>\n<h6><sup>[8]<\/sup> \u00a0\u00a0 Une fois s\u00e9par\u00e9 du corps, il est difficile de d\u00e9terminer de quel animal provient la nageoire. Soit dit en passant, les raies sont tout aussi affect\u00e9es que les requins: Wainwright, B.J., Ip, Y.C.A., Neo, M.L. et al. Conserv Gene, DNA barcoding of traded shark fins, meat and mobulid gill plates in Singapore uncovers numerous threatened species, 2018.<\/h6>\n<\/div><div class=\"fusion-clearfix\"><\/div><\/div><\/div><\/div><\/div><\/p>\n","protected":false},"excerpt":{"rendered":"","protected":false},"author":6,"featured_media":0,"parent":0,"menu_order":0,"comment_status":"closed","ping_status":"closed","template":"100-width.php","meta":[],"yoast_head":"<!-- This site is optimized with the Yoast SEO plugin v18.1 - https:\/\/yoast.com\/wordpress\/plugins\/seo\/ -->\n<title>Revendication - STOP FINNING<\/title>\n<meta name=\"robots\" content=\"index, follow, max-snippet:-1, max-image-preview:large, max-video-preview:-1\" \/>\n<link rel=\"canonical\" href=\"https:\/\/dev.stop-finning-eu.org\/fr\/revendication\/\" \/>\n<meta property=\"og:locale\" content=\"fr_FR\" \/>\n<meta property=\"og:type\" content=\"article\" \/>\n<meta property=\"og:title\" content=\"Revendication - STOP FINNING\" \/>\n<meta property=\"og:url\" content=\"https:\/\/dev.stop-finning-eu.org\/fr\/revendication\/\" \/>\n<meta property=\"og:site_name\" content=\"STOP FINNING\" \/>\n<meta property=\"article:modified_time\" content=\"2022-02-14T20:00:06+00:00\" \/>\n<meta property=\"og:image\" content=\"https:\/\/dev.stop-finning-eu.org\/wp-content\/uploads\/2020\/02\/stop_finning_eu-en-1024x724.jpg\" \/>\n\t<meta property=\"og:image:width\" content=\"1024\" \/>\n\t<meta property=\"og:image:height\" content=\"724\" \/>\n\t<meta property=\"og:image:type\" content=\"image\/jpeg\" \/>\n<meta name=\"twitter:card\" content=\"summary_large_image\" \/>\n<meta name=\"twitter:label1\" content=\"Dur\u00e9e de lecture estim\u00e9e\" \/>\n\t<meta name=\"twitter:data1\" content=\"10 minutes\" \/>\n<script type=\"application\/ld+json\" class=\"yoast-schema-graph\">{\"@context\":\"https:\/\/schema.org\",\"@graph\":[{\"@type\":\"WebSite\",\"@id\":\"https:\/\/dev.stop-finning-eu.org\/#website\",\"url\":\"https:\/\/dev.stop-finning-eu.org\/\",\"name\":\"STOP FINNING\",\"description\":\"It\u00b4s time for Europe to act!\",\"potentialAction\":[{\"@type\":\"SearchAction\",\"target\":{\"@type\":\"EntryPoint\",\"urlTemplate\":\"https:\/\/dev.stop-finning-eu.org\/?s={search_term_string}\"},\"query-input\":\"required name=search_term_string\"}],\"inLanguage\":\"fr-FR\"},{\"@type\":\"WebPage\",\"@id\":\"https:\/\/dev.stop-finning-eu.org\/fr\/revendication\/#webpage\",\"url\":\"https:\/\/dev.stop-finning-eu.org\/fr\/revendication\/\",\"name\":\"Revendication - STOP FINNING\",\"isPartOf\":{\"@id\":\"https:\/\/dev.stop-finning-eu.org\/#website\"},\"datePublished\":\"2019-07-22T09:33:37+00:00\",\"dateModified\":\"2022-02-14T20:00:06+00:00\",\"breadcrumb\":{\"@id\":\"https:\/\/dev.stop-finning-eu.org\/fr\/revendication\/#breadcrumb\"},\"inLanguage\":\"fr-FR\",\"potentialAction\":[{\"@type\":\"ReadAction\",\"target\":[\"https:\/\/dev.stop-finning-eu.org\/fr\/revendication\/\"]}]},{\"@type\":\"BreadcrumbList\",\"@id\":\"https:\/\/dev.stop-finning-eu.org\/fr\/revendication\/#breadcrumb\",\"itemListElement\":[{\"@type\":\"ListItem\",\"position\":1,\"name\":\"Startseite\",\"item\":\"https:\/\/dev.stop-finning-eu.org\/fr\/\"},{\"@type\":\"ListItem\",\"position\":2,\"name\":\"Revendication\"}]}]}<\/script>\n<!-- \/ Yoast SEO plugin. -->","yoast_head_json":{"title":"Revendication - STOP FINNING","robots":{"index":"index","follow":"follow","max-snippet":"max-snippet:-1","max-image-preview":"max-image-preview:large","max-video-preview":"max-video-preview:-1"},"canonical":"https:\/\/dev.stop-finning-eu.org\/fr\/revendication\/","og_locale":"fr_FR","og_type":"article","og_title":"Revendication - STOP FINNING","og_url":"https:\/\/dev.stop-finning-eu.org\/fr\/revendication\/","og_site_name":"STOP FINNING","article_modified_time":"2022-02-14T20:00:06+00:00","og_image":[{"width":1024,"height":724,"url":"https:\/\/dev.stop-finning-eu.org\/wp-content\/uploads\/2020\/02\/stop_finning_eu-en-1024x724.jpg","type":"image\/jpeg"}],"twitter_card":"summary_large_image","twitter_misc":{"Dur\u00e9e de lecture estim\u00e9e":"10 minutes"},"schema":{"@context":"https:\/\/schema.org","@graph":[{"@type":"WebSite","@id":"https:\/\/dev.stop-finning-eu.org\/#website","url":"https:\/\/dev.stop-finning-eu.org\/","name":"STOP FINNING","description":"It\u00b4s time for Europe to act!","potentialAction":[{"@type":"SearchAction","target":{"@type":"EntryPoint","urlTemplate":"https:\/\/dev.stop-finning-eu.org\/?s={search_term_string}"},"query-input":"required name=search_term_string"}],"inLanguage":"fr-FR"},{"@type":"WebPage","@id":"https:\/\/dev.stop-finning-eu.org\/fr\/revendication\/#webpage","url":"https:\/\/dev.stop-finning-eu.org\/fr\/revendication\/","name":"Revendication - STOP FINNING","isPartOf":{"@id":"https:\/\/dev.stop-finning-eu.org\/#website"},"datePublished":"2019-07-22T09:33:37+00:00","dateModified":"2022-02-14T20:00:06+00:00","breadcrumb":{"@id":"https:\/\/dev.stop-finning-eu.org\/fr\/revendication\/#breadcrumb"},"inLanguage":"fr-FR","potentialAction":[{"@type":"ReadAction","target":["https:\/\/dev.stop-finning-eu.org\/fr\/revendication\/"]}]},{"@type":"BreadcrumbList","@id":"https:\/\/dev.stop-finning-eu.org\/fr\/revendication\/#breadcrumb","itemListElement":[{"@type":"ListItem","position":1,"name":"Startseite","item":"https:\/\/dev.stop-finning-eu.org\/fr\/"},{"@type":"ListItem","position":2,"name":"Revendication"}]}]}},"_links":{"self":[{"href":"https:\/\/dev.stop-finning-eu.org\/fr\/wp-json\/wp\/v2\/pages\/3846"}],"collection":[{"href":"https:\/\/dev.stop-finning-eu.org\/fr\/wp-json\/wp\/v2\/pages"}],"about":[{"href":"https:\/\/dev.stop-finning-eu.org\/fr\/wp-json\/wp\/v2\/types\/page"}],"author":[{"embeddable":true,"href":"https:\/\/dev.stop-finning-eu.org\/fr\/wp-json\/wp\/v2\/users\/6"}],"replies":[{"embeddable":true,"href":"https:\/\/dev.stop-finning-eu.org\/fr\/wp-json\/wp\/v2\/comments?post=3846"}],"version-history":[{"count":1,"href":"https:\/\/dev.stop-finning-eu.org\/fr\/wp-json\/wp\/v2\/pages\/3846\/revisions"}],"predecessor-version":[{"id":12079,"href":"https:\/\/dev.stop-finning-eu.org\/fr\/wp-json\/wp\/v2\/pages\/3846\/revisions\/12079"}],"wp:attachment":[{"href":"https:\/\/dev.stop-finning-eu.org\/fr\/wp-json\/wp\/v2\/media?parent=3846"}],"curies":[{"name":"wp","href":"https:\/\/api.w.org\/{rel}","templated":true}]}}