{"id":5921,"date":"2015-05-12T16:43:06","date_gmt":"2015-05-12T14:43:06","guid":{"rendered":"https:\/\/www.stop-finning.eu\/home\/"},"modified":"2022-02-14T22:21:35","modified_gmt":"2022-02-14T21:21:35","slug":"home","status":"publish","type":"page","link":"https:\/\/dev.stop-finning-eu.org\/fi\/","title":{"rendered":"Koti"},"content":{"rendered":"<p><div class=\"fusion-fullwidth fullwidth-box fusion-builder-row-1 nonhundred-percent-fullwidth non-hundred-percent-height-scrolling\" style=\"background-color: #ee6059;background-position: center center;background-repeat: no-repeat;padding-top:40px;padding-right:0px;padding-bottom:5px;padding-left:0px;margin-bottom: 0px;margin-top: 0px;border-width: 0px 0px 0px 0px;border-color:#25292b;border-style:solid;\" ><div class=\"fusion-builder-row fusion-row\"><div class=\"fusion-layout-column fusion_builder_column fusion-builder-column-0 fusion_builder_column_1_1 1_1 fusion-one-full fusion-column-first fusion-column-last\" style=\"margin-top:0px;margin-bottom:20px;\"><div class=\"fusion-column-wrapper fusion-flex-column-wrapper-legacy\" style=\"background-position:left top;background-repeat:no-repeat;-webkit-background-size:cover;-moz-background-size:cover;-o-background-size:cover;background-size:cover;padding: 0px 0px 0px 0px;\"><div class=\"fusion-text fusion-text-1\"><h2 style=\"text-align: center;\"><span style=\"color: #ffffff;\">STOP FINNING \u2013<\/span><br \/>\n<span style=\"color: #ffffff;\">STOP THE TRADE<\/span><br \/>\n<span style=\"color: #000000;\">a European Citizens\u2019 Initiative.<\/span><\/h2>\n<\/div><div class=\"fusion-clearfix\"><\/div><\/div><\/div><\/div><\/div><div class=\"fusion-fullwidth fullwidth-box fusion-builder-row-2 nonhundred-percent-fullwidth non-hundred-percent-height-scrolling\" style=\"background-color: #25292b;background-position: center center;background-repeat: no-repeat;padding-top:15px;padding-right:0px;padding-bottom:0px;padding-left:0px;margin-bottom: 0px;margin-top: 0px;border-width: 0px 0px 0px 0px;border-color:#ffffff;border-style:dashed;\" ><div class=\"fusion-builder-row fusion-row\"><div class=\"fusion-layout-column fusion_builder_column fusion-builder-column-1 fusion_builder_column_1_3 1_3 fusion-one-third fusion-column-first\" style=\"width:33.333333333333%;width:calc(33.333333333333% - ( ( 4% + 4% ) * 0.33333333333333 ) );margin-right: 4%;margin-top:0px;margin-bottom:20px;\"><div class=\"fusion-column-wrapper fusion-flex-column-wrapper-legacy\" style=\"background-position:left top;background-repeat:no-repeat;-webkit-background-size:cover;-moz-background-size:cover;-o-background-size:cover;background-size:cover;padding: 0px 0px 0px 0px;\"><div class=\"fusion-clearfix\"><\/div><\/div><\/div><div class=\"fusion-layout-column fusion_builder_column fusion-builder-column-2 fusion_builder_column_1_3 1_3 fusion-one-third\" style=\"width:33.333333333333%;width:calc(33.333333333333% - ( ( 4% + 4% ) * 0.33333333333333 ) );margin-right: 4%;margin-top:0px;margin-bottom:20px;\"><div class=\"fusion-column-wrapper fusion-flex-column-wrapper-legacy\" style=\"background-position:left top;background-repeat:no-repeat;-webkit-background-size:cover;-moz-background-size:cover;-o-background-size:cover;background-size:cover;padding: 0px 0px 0px 0px;\"><div class=\"fusion-text fusion-text-2\"><p><span style=\"color: #ffffff;\">Did you know that hundreds of sharks are killed every single minute for \u201cShark Fin Soup\u201d?<\/span><\/p>\n<p><span style=\"color: #ffffff;\">The EU is a major player in this bloody, multimillion Euro industry. But we now have the chance to stop killing sharks for their fins by finally ending the trade with<br \/>\nshark fins in Europe.<\/span><\/p>\n<p><span style=\"color: #ffffff;\">The EU Citizens\u2018 Initiative \u201c<strong>STOP FINNING &#8211; STOP THE TRADE<\/strong>\u201d is more than a petition. It is a once in lifetime opportunity to change EU legislation and save the sharks<\/span>.<\/p>\n<\/div><div class=\"fusion-clearfix\"><\/div><\/div><\/div><div class=\"fusion-layout-column fusion_builder_column fusion-builder-column-3 fusion_builder_column_1_3 1_3 fusion-one-third fusion-column-last\" style=\"width:33.333333333333%;width:calc(33.333333333333% - ( ( 4% + 4% ) * 0.33333333333333 ) );margin-top:0px;margin-bottom:20px;\"><div class=\"fusion-column-wrapper fusion-flex-column-wrapper-legacy\" style=\"background-position:left top;background-repeat:no-repeat;-webkit-background-size:cover;-moz-background-size:cover;-o-background-size:cover;background-size:cover;padding: 0px 0px 0px 0px;\"><div class=\"fusion-clearfix\"><\/div><\/div><\/div><\/div><\/div><div class=\"fusion-fullwidth fullwidth-box fusion-builder-row-3 hundred-percent-fullwidth non-hundred-percent-height-scrolling\" style=\"background-color: #25292b;background-position: center center;background-repeat: no-repeat;padding-top:0px;padding-right:0px;padding-bottom:25px;padding-left:0px;margin-bottom: 0px;margin-top: 0px;border-width: 0px 0px 0px 0px;border-color:#25292b;border-style:solid;\" ><div class=\"fusion-builder-row fusion-row\"><div class=\"fusion-layout-column fusion_builder_column fusion-builder-column-4 fusion_builder_column_1_1 1_1 fusion-one-full fusion-column-first fusion-column-last fusion-column-no-min-height\" style=\"margin-top:0px;margin-bottom:0px;\"><div class=\"fusion-column-wrapper fusion-flex-column-wrapper-legacy\" style=\"background-position:left top;background-repeat:no-repeat;-webkit-background-size:cover;-moz-background-size:cover;-o-background-size:cover;background-size:cover;background-color:#0c4da2;padding: 0px 0px 0px 0px;\"><div class=\"fusion-section-separator section-separator triangle fusion-section-separator-1\"><div class=\"fusion-section-separator-svg\" style=\"border-bottom:0px solid #ee6059;margin-left: 0px;margin-right: 0px;\"><div class=\"divider-candy-arrow bottom\" style=\"top:0px;border-top-color: #ee6059;\"><\/div><div class=\"divider-candy bottom\" style=\"bottom:-20px;border-bottom:1px solid #ee6059;border-left:1px solid #ee6059;\"><\/div><\/div><div class=\"fusion-section-separator-spacer\"><div class=\"fusion-section-separator-spacer-height\" style=\"height:0px;\"><\/div><\/div><\/div><div class=\"fusion-clearfix\"><\/div><\/div><\/div><\/div><\/div><div class=\"fusion-fullwidth fullwidth-box fusion-builder-row-4 fusion-flex-container nonhundred-percent-fullwidth non-hundred-percent-height-scrolling\" style=\"background-color: #25292b;background-position: center center;background-repeat: no-repeat;border-width: 0px 0px 0px 0px;border-color:#25292b;border-style:solid;\" ><div class=\"fusion-builder-row fusion-row fusion-flex-align-items-flex-start\" style=\"max-width:1216.8px;margin-left: calc(-4% \/ 2 );margin-right: calc(-4% \/ 2 );\"><div class=\"fusion-layout-column fusion_builder_column fusion-builder-column-5 fusion_builder_column_1_1 1_1 fusion-flex-column fusion-flex-align-self-flex-start fusion-column-no-min-height\"><div class=\"fusion-column-wrapper fusion-flex-justify-content-flex-start fusion-content-layout-column\" style=\"background-position:left top;background-repeat:no-repeat;-webkit-background-size:cover;-moz-background-size:cover;-o-background-size:cover;background-size:cover;border-radius:5px 5px 5px 5px;border-width: 0 0 0 0;border-color:#ffffff;border-style:solid;border-radius:5px 5px 5px 5px;overflow:hidden;padding: 20px 20px 20px 20px;\"><div style=\"text-align:center;\"><span class=\" fusion-imageframe imageframe-none imageframe-1 hover-type-none\"><img width=\"480\" height=\"150\" title=\"ec-logo-en\" src=\"https:\/\/dev.stop-finning.eu\/wp-content\/uploads\/2020\/01\/ec-logo-en.png\" class=\"img-responsive wp-image-2348\" srcset=\"https:\/\/dev.stop-finning-eu.org\/wp-content\/uploads\/2020\/01\/ec-logo-en-200x63.png 200w, https:\/\/dev.stop-finning-eu.org\/wp-content\/uploads\/2020\/01\/ec-logo-en-400x125.png 400w, https:\/\/dev.stop-finning-eu.org\/wp-content\/uploads\/2020\/01\/ec-logo-en.png 480w\" sizes=\"(max-width: 1024px) 100vw, (max-width: 640px) 100vw, 480px\" \/><\/span><\/div><div class=\"fusion-text fusion-text-3\"><h6 style=\"text-align: center;\"><span style=\"color: #ffffff;\">Central Online Collection System by European Union<\/span><\/h6>\n<\/div><div class=\"fusion-separator fusion-full-width-sep\" style=\"align-self: center;margin-left: auto;margin-right: auto;margin-top:10px;width:100%;\"><\/div><div style=\"text-align:center;\"><style type=\"text\/css\">.fusion-button.button-1 .fusion-button-text, .fusion-button.button-1 i {color:#ffffff;}.fusion-button.button-1 .fusion-button-icon-divider{border-color:#ffffff;}.fusion-button.button-1:hover .fusion-button-text, .fusion-button.button-1:hover i,.fusion-button.button-1:focus .fusion-button-text, .fusion-button.button-1:focus i,.fusion-button.button-1:active .fusion-button-text, .fusion-button.button-1:active{color:#ffffff;}.fusion-button.button-1:hover .fusion-button-icon-divider, .fusion-button.button-1:hover .fusion-button-icon-divider, .fusion-button.button-1:active .fusion-button-icon-divider{border-color:#ffffff;}.fusion-button.button-1:hover, .fusion-button.button-1:focus, .fusion-button.button-1:active{border-color:#ffffff;}.fusion-button.button-1 {border-color:#ffffff;border-radius:2px;}.fusion-button.button-1{background: #0c4da2;}.fusion-button.button-1:hover,.button-1:focus,.fusion-button.button-1:active{background: #0c4da2;}<\/style><a class=\"fusion-button button-flat button-large button-custom button-1 fusion-button-default-span fusion-button-default-type\" target=\"_blank\" rel=\"noopener noreferrer\" href=\"https:\/\/eci.ec.europa.eu\/012\/public\"><i class=\"fa-poll fas button-icon-left\" aria-hidden=\"true\"><\/i><span class=\"fusion-button-text\">See result!<\/span><\/a><\/div><div class=\"fusion-separator fusion-full-width-sep\" style=\"align-self: center;margin-left: auto;margin-right: auto;margin-top:50px;width:100%;\"><\/div><div class=\"fusion-text fusion-text-4\"><p style=\"text-align: center;\"><span style=\"color: #ffffff;\">Registration number: ECI(2020)000001<\/span><br \/>\n<span style=\"color: #ffffff;\"><strong>Start of the collection period:<\/strong> 31\/01\/2020<\/span><br \/>\n<span style=\"color: #ffffff;\"><strong>End of the collection period:<\/strong> <span class=\"ocs-font-16\"> 31\/01\/2022<\/span><\/span><\/p>\n<p style=\"text-align: center;\"><span style=\"color: #ffffff;\"><a style=\"color: #ffffff;\" href=\"https:\/\/eci.ec.europa.eu\/012\/public\/#\/screen\/home\/allcountries\" target=\"_blank\" rel=\"noopener noreferrer\">Statements of support collected online<\/a><\/span><\/p>\n<\/div><\/div><style type=\"text\/css\">.fusion-body .fusion-builder-column-5{width:100% !important;margin-top : 0px;margin-bottom : 0px;}.fusion-builder-column-5 > .fusion-column-wrapper {padding-top : 20 !important;padding-right : 20 !important;margin-right : 1.92%;padding-bottom : 20 !important;padding-left : 20 !important;margin-left : 1.92%;}@media only screen and (max-width:1024px) {.fusion-body .fusion-builder-column-5{width:100% !important;order : 0;}.fusion-builder-column-5 > .fusion-column-wrapper {margin-right : 1.92%;margin-left : 1.92%;}}@media only screen and (max-width:640px) {.fusion-body .fusion-builder-column-5{width:100% !important;order : 0;}.fusion-builder-column-5 > .fusion-column-wrapper {margin-right : 1.92%;margin-left : 1.92%;}}<\/style><\/div><\/div><style type=\"text\/css\">.fusion-body .fusion-flex-container.fusion-builder-row-4{ padding-top : 10px;margin-top : 0px;padding-right : 0px;padding-bottom : 10px;margin-bottom : 0px;padding-left : 0px;}<\/style><\/div><\/p>\n","protected":false},"excerpt":{"rendered":"","protected":false},"author":6,"featured_media":0,"parent":0,"menu_order":0,"comment_status":"open","ping_status":"closed","template":"100-width.php","meta":[],"yoast_head":"<!-- This site is optimized with the Yoast SEO plugin v18.1 - https:\/\/yoast.com\/wordpress\/plugins\/seo\/ -->\n<title>Koti - STOP FINNING<\/title>\n<meta name=\"robots\" content=\"index, follow, max-snippet:-1, max-image-preview:large, max-video-preview:-1\" \/>\n<link rel=\"canonical\" href=\"https:\/\/dev.stop-finning-eu.org\/fi\/\" \/>\n<meta property=\"og:locale\" content=\"fi_FI\" \/>\n<meta property=\"og:type\" content=\"article\" \/>\n<meta property=\"og:title\" content=\"Europ\u00e4ische B\u00fcrgerinitiative: \u201eStop Finning \u2013 Stop the Trade\u201c\" \/>\n<meta property=\"og:description\" content=\"STOP FINNING Es wird Zeit, dass wir in Europa handeln! Ab 01.02.2020 f\u00e4llt der Startschuss, um die Politik endlich zum Handel zu zwingen. Daf\u00fcr brauchen wir 1.000.000 Unterschriften von EU-B\u00fcrgern in 7 EU Staaten. Animiere deine Freunde und Bekannten dazu zu unterschreiben, damit das Gleichgewicht im Ozean erhalten werden und der Hai auch in den n\u00e4chsten Jahrzehnten weiterhin im Meer beobachtet werden kann. Mach mit! Deine Stimme z\u00e4hlt!\" \/>\n<meta property=\"og:url\" content=\"https:\/\/dev.stop-finning-eu.org\/fi\/\" \/>\n<meta property=\"og:site_name\" content=\"STOP FINNING\" \/>\n<meta property=\"article:modified_time\" content=\"2022-02-14T21:21:35+00:00\" \/>\n<meta property=\"og:image\" content=\"https:\/\/dev.stop-finning.eu\/wp-content\/uploads\/2015\/05\/Stop_finning_sharkproject2.jpg\" \/>\n<meta name=\"twitter:card\" content=\"summary_large_image\" \/>\n<meta name=\"twitter:label1\" content=\"Arvioitu lukuaika\" \/>\n\t<meta name=\"twitter:data1\" content=\"13 minuuttia\" \/>\n<script type=\"application\/ld+json\" class=\"yoast-schema-graph\">{\"@context\":\"https:\/\/schema.org\",\"@graph\":[{\"@type\":\"WebSite\",\"@id\":\"https:\/\/dev.stop-finning-eu.org\/#website\",\"url\":\"https:\/\/dev.stop-finning-eu.org\/\",\"name\":\"STOP FINNING\",\"description\":\"It\u00b4s time for Europe to act!\",\"potentialAction\":[{\"@type\":\"SearchAction\",\"target\":{\"@type\":\"EntryPoint\",\"urlTemplate\":\"https:\/\/dev.stop-finning-eu.org\/?s={search_term_string}\"},\"query-input\":\"required name=search_term_string\"}],\"inLanguage\":\"fi\"},{\"@type\":\"ImageObject\",\"@id\":\"https:\/\/dev.stop-finning-eu.org\/fi\/#primaryimage\",\"inLanguage\":\"fi\",\"url\":\"\",\"contentUrl\":\"\"},{\"@type\":\"WebPage\",\"@id\":\"https:\/\/dev.stop-finning-eu.org\/fi\/#webpage\",\"url\":\"https:\/\/dev.stop-finning-eu.org\/fi\/\",\"name\":\"Koti - STOP FINNING\",\"isPartOf\":{\"@id\":\"https:\/\/dev.stop-finning-eu.org\/#website\"},\"datePublished\":\"2015-05-12T14:43:06+00:00\",\"dateModified\":\"2022-02-14T21:21:35+00:00\",\"breadcrumb\":{\"@id\":\"https:\/\/dev.stop-finning-eu.org\/fi\/#breadcrumb\"},\"inLanguage\":\"fi\",\"potentialAction\":[{\"@type\":\"ReadAction\",\"target\":[\"https:\/\/dev.stop-finning-eu.org\/fi\/\"]}]},{\"@type\":\"BreadcrumbList\",\"@id\":\"https:\/\/dev.stop-finning-eu.org\/fi\/#breadcrumb\",\"itemListElement\":[{\"@type\":\"ListItem\",\"position\":1,\"name\":\"Startseite\",\"item\":\"https:\/\/dev.stop-finning-eu.org\/fi\/\"},{\"@type\":\"ListItem\",\"position\":2,\"name\":\"Koti\"}]}]}<\/script>\n<!-- \/ Yoast SEO plugin. -->","yoast_head_json":{"title":"Koti - STOP FINNING","robots":{"index":"index","follow":"follow","max-snippet":"max-snippet:-1","max-image-preview":"max-image-preview:large","max-video-preview":"max-video-preview:-1"},"canonical":"https:\/\/dev.stop-finning-eu.org\/fi\/","og_locale":"fi_FI","og_type":"article","og_title":"Europ\u00e4ische B\u00fcrgerinitiative: \u201eStop Finning \u2013 Stop the Trade\u201c","og_description":"STOP FINNING Es wird Zeit, dass wir in Europa handeln! Ab 01.02.2020 f\u00e4llt der Startschuss, um die Politik endlich zum Handel zu zwingen. Daf\u00fcr brauchen wir 1.000.000 Unterschriften von EU-B\u00fcrgern in 7 EU Staaten. Animiere deine Freunde und Bekannten dazu zu unterschreiben, damit das Gleichgewicht im Ozean erhalten werden und der Hai auch in den n\u00e4chsten Jahrzehnten weiterhin im Meer beobachtet werden kann. Mach mit! Deine Stimme z\u00e4hlt!","og_url":"https:\/\/dev.stop-finning-eu.org\/fi\/","og_site_name":"STOP FINNING","article_modified_time":"2022-02-14T21:21:35+00:00","og_image":[{"url":"https:\/\/dev.stop-finning.eu\/wp-content\/uploads\/2015\/05\/Stop_finning_sharkproject2.jpg"}],"twitter_card":"summary_large_image","twitter_misc":{"Arvioitu lukuaika":"13 minuuttia"},"schema":{"@context":"https:\/\/schema.org","@graph":[{"@type":"WebSite","@id":"https:\/\/dev.stop-finning-eu.org\/#website","url":"https:\/\/dev.stop-finning-eu.org\/","name":"STOP FINNING","description":"It\u00b4s time for Europe to act!","potentialAction":[{"@type":"SearchAction","target":{"@type":"EntryPoint","urlTemplate":"https:\/\/dev.stop-finning-eu.org\/?s={search_term_string}"},"query-input":"required name=search_term_string"}],"inLanguage":"fi"},{"@type":"ImageObject","@id":"https:\/\/dev.stop-finning-eu.org\/fi\/#primaryimage","inLanguage":"fi","url":"","contentUrl":""},{"@type":"WebPage","@id":"https:\/\/dev.stop-finning-eu.org\/fi\/#webpage","url":"https:\/\/dev.stop-finning-eu.org\/fi\/","name":"Koti - STOP FINNING","isPartOf":{"@id":"https:\/\/dev.stop-finning-eu.org\/#website"},"datePublished":"2015-05-12T14:43:06+00:00","dateModified":"2022-02-14T21:21:35+00:00","breadcrumb":{"@id":"https:\/\/dev.stop-finning-eu.org\/fi\/#breadcrumb"},"inLanguage":"fi","potentialAction":[{"@type":"ReadAction","target":["https:\/\/dev.stop-finning-eu.org\/fi\/"]}]},{"@type":"BreadcrumbList","@id":"https:\/\/dev.stop-finning-eu.org\/fi\/#breadcrumb","itemListElement":[{"@type":"ListItem","position":1,"name":"Startseite","item":"https:\/\/dev.stop-finning-eu.org\/fi\/"},{"@type":"ListItem","position":2,"name":"Koti"}]}]}},"_links":{"self":[{"href":"https:\/\/dev.stop-finning-eu.org\/fi\/wp-json\/wp\/v2\/pages\/5921"}],"collection":[{"href":"https:\/\/dev.stop-finning-eu.org\/fi\/wp-json\/wp\/v2\/pages"}],"about":[{"href":"https:\/\/dev.stop-finning-eu.org\/fi\/wp-json\/wp\/v2\/types\/page"}],"author":[{"embeddable":true,"href":"https:\/\/dev.stop-finning-eu.org\/fi\/wp-json\/wp\/v2\/users\/6"}],"replies":[{"embeddable":true,"href":"https:\/\/dev.stop-finning-eu.org\/fi\/wp-json\/wp\/v2\/comments?post=5921"}],"version-history":[{"count":4,"href":"https:\/\/dev.stop-finning-eu.org\/fi\/wp-json\/wp\/v2\/pages\/5921\/revisions"}],"predecessor-version":[{"id":12207,"href":"https:\/\/dev.stop-finning-eu.org\/fi\/wp-json\/wp\/v2\/pages\/5921\/revisions\/12207"}],"wp:attachment":[{"href":"https:\/\/dev.stop-finning-eu.org\/fi\/wp-json\/wp\/v2\/media?parent=5921"}],"curies":[{"name":"wp","href":"https:\/\/api.w.org\/{rel}","templated":true}]}}