{"id":5886,"date":"2019-07-22T11:33:37","date_gmt":"2019-07-22T09:33:37","guid":{"rendered":"https:\/\/www.stop-finning.eu\/demand\/"},"modified":"2022-02-14T20:53:38","modified_gmt":"2022-02-14T19:53:38","slug":"kysynta","status":"publish","type":"page","link":"https:\/\/dev.stop-finning-eu.org\/fi\/kysynta\/","title":{"rendered":"Kysynt\u00e4"},"content":{"rendered":"<p><div class=\"fusion-fullwidth fullwidth-box fusion-builder-row-1 nonhundred-percent-fullwidth non-hundred-percent-height-scrolling\" style=\"background-color: #25292b;background-position: left top;background-repeat: no-repeat;padding-top:100px;padding-right:0px;padding-bottom:0px;padding-left:0px;margin-bottom: 0px;margin-top: 0px;border-width: 0px 0px 0px 0px;border-color:#25292b;border-style:solid;\" ><div class=\"fusion-builder-row fusion-row\"><div class=\"fusion-layout-column fusion_builder_column fusion-builder-column-0 fusion_builder_column_1_1 1_1 fusion-one-full fusion-column-first fusion-column-last fusion-column-no-min-height\" style=\"margin-top:0px;margin-bottom:0px;\"><div class=\"fusion-column-wrapper fusion-flex-column-wrapper-legacy\" style=\"background-position:left top;background-repeat:no-repeat;-webkit-background-size:cover;-moz-background-size:cover;-o-background-size:cover;background-size:cover;padding: 0px 0px 0px 0px;\"><div class=\"fusion-text fusion-text-1\"><h2 style=\"text-align: left;\">Kysynt\u00e4<\/h2>\n<\/div><div class=\"fusion-clearfix\"><\/div><\/div><\/div><\/div><\/div><div class=\"fusion-fullwidth fullwidth-box fusion-builder-row-2 nonhundred-percent-fullwidth non-hundred-percent-height-scrolling\" style=\"background-color: #25292b;background-position: center center;background-repeat: no-repeat;padding-top:0px;padding-right:0px;padding-bottom:70px;padding-left:0px;margin-bottom: 0px;margin-top: 0px;border-width: 0px 0px 0px 0px;border-color:#25292b;border-style:solid;\" ><div class=\"fusion-builder-row fusion-row\"><div class=\"fusion-layout-column fusion_builder_column fusion-builder-column-1 fusion_builder_column_1_2 1_2 fusion-one-half fusion-column-first\" style=\"width:50%;width:calc(50% - ( ( 4% ) * 0.5 ) );margin-right: 4%;margin-top:0px;margin-bottom:20px;\"><div class=\"fusion-column-wrapper fusion-flex-column-wrapper-legacy\" style=\"background-position:left top;background-repeat:no-repeat;-webkit-background-size:cover;-moz-background-size:cover;-o-background-size:cover;background-size:cover;padding: 0px 0px 0px 0px;\"><div class=\"fusion-text fusion-text-2\"><p>Joka vuosi 63\u2013273 miljoonaa haita kuolee ihmisen toiminnan seurauksena. [1] Tarkkaa lukum\u00e4\u00e4r\u00e4\u00e4 ei tiedet\u00e4, sill\u00e4 luotettavaa dataa on eritt\u00e4in vaikea ker\u00e4t\u00e4. T\u00e4m\u00e4 johtuu siit\u00e4, ett\u00e4 laittoman kalastuksen ilmoittamattomien tapausten m\u00e4\u00e4r\u00e4 on maailmanlaajuisesti eritt\u00e4in suuri. Haita kalastetaan l\u00e4hes kaikkialla maailmassa p\u00e4\u00e4asiassa eviens\u00e4 vuoksi. Evi\u00e4 sy\u00f6d\u00e4\u00e4n erityisesti Aasian alueella hainev\u00e4keittona. T\u00e4st\u00e4 oletetusta herkusta, joka sis\u00e4lt\u00e4\u00e4 muutaman gramman hainevi\u00e4, pyydet\u00e4\u00e4n jopa 90 euroa annokselta. [2] Kannattavaa liiketoimintaa valtavilla voittomarginaaleilla haiden kustannuksella!<\/p>\n<p>Haiden evi\u00e4 pyydet\u00e4\u00e4n julmalla kalastustavalla, jossa ev\u00e4t leikataan irti el\u00e4vilt\u00e4 hailta. Evien irrottamisen j\u00e4lkeen el\u00e4v\u00e4t el\u00e4imet heitet\u00e4\u00e4n yli laidan, sill\u00e4 niiden muu liha on l\u00e4hes arvotonta eviin verrattuna. Ilman evi\u00e4 hait uppoavat pohjaan, jossa ne tukehtuvat, kuolevat verenhukkaan tai sy\u00f6d\u00e4\u00e4n el\u00e4v\u00e4lt\u00e4.<\/p>\n<p>Hainev\u00e4bisnest\u00e4 harjoitetaan my\u00f6s Euroopassa.<\/p>\n<p>Vuodesta 2013 l\u00e4htien Euroopan unionin niin kutsuttu \u201cev\u00e4t luonnollisesti paikallaan\u201d -asetus kielt\u00e4\u00e4 poikkeuksetta kaikkien hain evien varastoinnin, kuljetuksen ja purkamisen EU:n vesialueilla ja kaikilla EU:n j\u00e4senvaltioiden lipun alla kulkevilla aluksilla. Haita pyydett\u00e4ess\u00e4 evien on pysytt\u00e4v\u00e4 luonnollisesti paikallaan, kun alus puretaan satamassa. Ev\u00e4t voidaan sen j\u00e4lkeen irottaa ja vied\u00e4 Aasiaan.<\/p>\n<p>Pelk\u00e4st\u00e4\u00e4n vuonna 2016 Espanja purki virallisesti 53 000 tonnia sinihaita, mik\u00e4 vastaa noin 1,75 miljoonaa el\u00e4int\u00e4. [3] Kasvavasta uhasta [4] huolimatta esimerkiksi sinihaiden kokonaissaalis Atlantilta on melkein kaksinkertaistunut vuosituhannen alusta. Lis\u00e4ksi muita hailajeja, joista jotkut ovat uhanalaisempia, kuten makrillihai ja sillihai, pyydystet\u00e4\u00e4n Euroopassa.<\/p>\n<p>Kalastus on kannattavaa l\u00e4hes pelk\u00e4st\u00e4\u00e4n evien vuoksi. EU:sta vied\u00e4\u00e4n keskim\u00e4\u00e4rin vajaat 3500 tonnia evi\u00e4, joiden kokonaisarvo on noin 52 miljoonaa euroa [5]. Kalastusalusten satunnaisten tarkastusten perusteella ei voida varmasti sanoa, kuinka monta hain ev\u00e4\u00e4 edelleen tuodaan maihin Euroopassa. [6]<\/p>\n<\/div><div class=\"fusion-clearfix\"><\/div><\/div><\/div><div class=\"fusion-layout-column fusion_builder_column fusion-builder-column-2 fusion_builder_column_1_2 1_2 fusion-one-half fusion-column-last\" style=\"width:50%;width:calc(50% - ( ( 4% ) * 0.5 ) );margin-top:0px;margin-bottom:20px;\"><div class=\"fusion-column-wrapper fusion-flex-column-wrapper-legacy\" style=\"background-position:left top;background-repeat:no-repeat;-webkit-background-size:cover;-moz-background-size:cover;-o-background-size:cover;background-size:cover;padding: 0px 0px 0px 0px;\"><div class=\"fusion-text fusion-text-3\"><p>Globaalin hainev\u00e4kaupan tilanne on viel\u00e4 h\u00e4iritsev\u00e4mpi. Vain harvat maat (esimerkiksi Yhdysvallat, Kanada, Intia ja Etel\u00e4-Afrikka) ovat ottaneet \u201dev\u00e4t luonnollisesti paikallaan\u201d-asetuksen k\u00e4ytt\u00f6\u00f6n. Monissa maissa ev\u00e4pyynti on edelleen sallittua. Sen vuoksi maailmalla markkinoilla on edelleen valtava m\u00e4\u00e4r\u00e4 evi\u00e4, joiden alkuper\u00e4 on vain harvoin j\u00e4ljitett\u00e4viss\u00e4. [8] Niill\u00e4 voidaan kuitenkin silti k\u00e4yd\u00e4 kauppaa laillisesti Euroopassa ja Euroopan kautta.<\/p>\n<\/div><div class=\"fusion-content-boxes content-boxes columns row fusion-columns-1 fusion-columns-total-3 fusion-content-boxes-1 content-boxes-timeline-vertical content-left content-boxes-timeline-layout content-boxes-icon-with-title fusion-delayed-animation\" data-animation-delay=\"350\" data-animationOffset=\"100%\" style=\"margin-top:0px;margin-bottom:0px;\"><style type=\"text\/css\">.fusion-content-boxes-1 .heading .content-box-heading {color:#ffffff;}\n\t\t\t\t\t.fusion-content-boxes-1 .fusion-content-box-hover .link-area-link-icon-hover .heading .content-box-heading,\n\t\t\t\t\t.fusion-content-boxes-1 .fusion-content-box-hover .link-area-link-icon-hover .heading .heading-link .content-box-heading,\n\t\t\t\t\t.fusion-content-boxes-1 .fusion-content-box-hover .link-area-box-hover .heading .content-box-heading,\n\t\t\t\t\t.fusion-content-boxes-1 .fusion-content-box-hover .link-area-box-hover .heading .heading-link .content-box-heading,\n\t\t\t\t\t.fusion-content-boxes-1 .fusion-content-box-hover .link-area-link-icon-hover.link-area-box .fusion-read-more,\n\t\t\t\t\t.fusion-content-boxes-1 .fusion-content-box-hover .link-area-link-icon-hover.link-area-box .fusion-read-more::after,\n\t\t\t\t\t.fusion-content-boxes-1 .fusion-content-box-hover .link-area-link-icon-hover.link-area-box .fusion-read-more::before,\n\t\t\t\t\t.fusion-content-boxes-1 .fusion-content-box-hover .fusion-read-more:hover:after,\n\t\t\t\t\t.fusion-content-boxes-1 .fusion-content-box-hover .fusion-read-more:hover:before,\n\t\t\t\t\t.fusion-content-boxes-1 .fusion-content-box-hover .fusion-read-more:hover,\n\t\t\t\t\t.fusion-content-boxes-1 .fusion-content-box-hover .link-area-box-hover.link-area-box .fusion-read-more,\n\t\t\t\t\t.fusion-content-boxes-1 .fusion-content-box-hover .link-area-box-hover.link-area-box .fusion-read-more::after,\n\t\t\t\t\t.fusion-content-boxes-1 .fusion-content-box-hover .link-area-box-hover.link-area-box .fusion-read-more::before,\n\t\t\t\t\t.fusion-content-boxes-1 .fusion-content-box-hover .link-area-link-icon-hover .icon .circle-no,\n\t\t\t\t\t.fusion-content-boxes-1 .heading .heading-link:hover .content-box-heading {\n\t\t\t\t\t\tcolor: #f05858;\n\t\t\t\t\t}\n\t\t\t\t\t.fusion-content-boxes-1 .fusion-content-box-hover .link-area-box-hover .icon .circle-no {\n\t\t\t\t\t\tcolor: #f05858 !important;\n\t\t\t\t\t}.fusion-content-boxes-1 .fusion-content-box-hover .link-area-box.link-area-box-hover .fusion-content-box-button {background: #d65a5a;color: #ffffff;}.fusion-content-boxes-1 .fusion-content-box-hover .link-area-box.link-area-box-hover .fusion-content-box-button .fusion-button-text {color: #ffffff;}\n\t\t\t\t\t.fusion-content-boxes-1 .fusion-content-box-hover .link-area-link-icon-hover .heading .icon > span {\n\t\t\t\t\t\tbackground-color: #f05858 !important;\n\t\t\t\t\t}\n\t\t\t\t\t.fusion-content-boxes-1 .fusion-content-box-hover .link-area-box-hover .heading .icon > span {\n\t\t\t\t\t\tborder-color: #f05858 !important;\n\t\t\t\t\t}\n\t\t\t\t\t\t.fusion-content-boxes-1 .fusion-content-box-hover .link-area-link-icon-hover.icon-hover-animation-pulsate .fontawesome-icon:after,\n\t\t\t\t\t\t.fusion-content-boxes-1 .fusion-content-box-hover .link-area-box-hover.icon-hover-animation-pulsate .fontawesome-icon:after,\n\t\t\t\t\t\t.fusion-content-boxes-1 .fusion-content-box-hover .link-area-link-icon-hover.icon-wrapper-hover-animation-pulsate .icon span:after,\n\t\t\t\t\t\t.fusion-content-boxes-1 .fusion-content-box-hover .link-area-box-hover.icon-wrapper-hover-animation-pulsate .icon span:after {\n\t\t\t\t\t\t\t-webkit-box-shadow:0 0 0 2px rgba(255,255,255,0.1), 0 0 10px 10px #f05858, 0 0 0 10px rgba(255,255,255,0.5);\n\t\t\t\t\t\t\t-moz-box-shadow:0 0 0 2px rgba(255,255,255,0.1), 0 0 10px 10px #f05858, 0 0 0 10px rgba(255,255,255,0.5);\n\t\t\t\t\t\t\tbox-shadow: 0 0 0 2px rgba(255,255,255,0.1), 0 0 10px 10px #f05858, 0 0 0 10px rgba(255,255,255,0.5);\n\t\t\t\t\t\t}\n\t\t\t\t\t<\/style><div class=\"fusion-column content-box-column content-box-column content-box-column-1 col-lg-12 col-md-12 col-sm-12 fusion-content-box-hover content-box-column-last-in-row\"><div class=\"col content-box-wrapper content-wrapper link-area-box icon-hover-animation-pulsate fusion-animated\" style=\"background-color:rgba(244,67,54,0);\" data-animationType=\"fadeIn\" data-animationDuration=\"0.25\" data-animationOffset=\"100%\"><div class=\"heading heading-with-icon icon-left\" style=\"margin-top:26px;\"><div class=\"icon\" style=\"margin-top:-26px;margin-bottom:-26px;-webkit-animation-duration: 350ms;animation-duration: 350ms;\"><i style=\"border-color:#ee6059;border-width:1px;background-color:#3f3f3f;box-sizing:content-box;height:50px;width:50px;line-height:50px;border-radius:50%;color:#ee6059;font-size:25px;\" aria-hidden=\"true\" class=\"fontawesome-icon fa-exclamation fas circle-yes\"><\/i><\/div><\/div><div class=\"fusion-clearfix\"><\/div><div class=\"content-container\" style=\"padding-left:72px;color:#aaa9a9;\">\n<p>That is why we request: The trade with shark fins in Europe must end immediately!<\/p>\n<\/div><div class=\"content-box-shortcode-timeline-vertical\" style=\"border-color:#ee6059;left:40px;top:25px;-webkit-transition-duration: 350ms;animation-duration: 350ms;\"><\/div><\/div><\/div><div class=\"fusion-column content-box-column content-box-column content-box-column-2 col-lg-12 col-md-12 col-sm-12 fusion-content-box-hover content-box-column-last-in-row\"><div class=\"col content-box-wrapper content-wrapper link-area-box icon-hover-animation-pulsate fusion-animated\" style=\"background-color:rgba(244,67,54,0);\" data-animationType=\"fadeIn\" data-animationDuration=\"0.25\" data-animationOffset=\"100%\"><div class=\"heading heading-with-icon icon-left\" style=\"margin-top:26px;\"><div class=\"icon\" style=\"margin-top:-26px;margin-bottom:-26px;-webkit-animation-duration: 350ms;animation-duration: 350ms;\"><i style=\"border-color:#ee6059;border-width:1px;background-color:#3f3f3f;box-sizing:content-box;height:50px;width:50px;line-height:50px;border-radius:50%;color:#ee6059;font-size:25px;\" aria-hidden=\"true\" class=\"fontawesome-icon fa-ban fas circle-yes\"><\/i><\/div><\/div><div class=\"fusion-clearfix\"><\/div><div class=\"content-container\" style=\"padding-left:72px;color:#aaa9a9;\">\n<p>The barbaric practice of shark finning can only be stopped once regulation of the trade makes it financially impractical.<\/p>\n<\/div><div class=\"content-box-shortcode-timeline-vertical\" style=\"border-color:#ee6059;left:40px;top:25px;-webkit-transition-duration: 350ms;animation-duration: 350ms;\"><\/div><\/div><\/div><div class=\"fusion-column content-box-column content-box-column content-box-column-3 col-lg-12 col-md-12 col-sm-12 fusion-content-box-hover content-box-column-last content-box-column-last-in-row\"><div class=\"col content-box-wrapper content-wrapper link-area-box icon-hover-animation-pulsate fusion-animated\" style=\"background-color:rgba(244,67,54,0);\" data-animationType=\"fadeIn\" data-animationDuration=\"0.25\" data-animationOffset=\"100%\"><div class=\"heading heading-with-icon icon-left\" style=\"margin-top:26px;\"><div class=\"icon\" style=\"margin-top:-26px;margin-bottom:-26px;-webkit-animation-duration: 350ms;animation-duration: 350ms;\"><i style=\"border-color:#ee6059;border-width:1px;background-color:#3f3f3f;box-sizing:content-box;height:50px;width:50px;line-height:50px;border-radius:50%;color:#ee6059;font-size:25px;\" aria-hidden=\"true\" class=\"fontawesome-icon fa-balance-scale-left fas circle-yes\"><\/i><\/div><\/div><div class=\"fusion-clearfix\"><\/div><div class=\"content-container\" style=\"padding-left:72px;color:#aaa9a9;\">\n<p>That is why the &#8221;Fins Naturally Attached&#8221; regulation in the European Union must be extended to the export, import and transit of sharks and rays.<\/p>\n<\/div><div class=\"content-box-shortcode-timeline-vertical\" style=\"border-color:#ee6059;left:40px;top:25px;-webkit-transition-duration: 350ms;animation-duration: 350ms;\"><\/div><\/div><\/div><style type=\"text\/css\">\n\t\t\t\t\t\t.fusion-content-boxes-1 .fusion-content-box-hover .heading-link:hover .icon i.circle-yes,\n\t\t\t\t\t\t.fusion-content-boxes-1 .fusion-content-box-hover .link-area-box:hover .heading-link .icon i.circle-yes,\n\t\t\t\t\t\t.fusion-content-boxes-1 .fusion-content-box-hover .link-area-link-icon-hover .heading .icon i.circle-yes,\n\t\t\t\t\t\t.fusion-content-boxes-1 .fusion-content-box-hover .link-area-box-hover .heading .icon i.circle-yes {\n\t\t\t\t\t\t\tbackground-color: #f05858 !important;\n\t\t\t\t\t\t\tborder-color: #f05858 !important;\n\t\t\t\t\t\t}<\/style><div class=\"fusion-clearfix\"><\/div><\/div><div class=\"fusion-text fusion-text-4\"><p>Nykyisess\u00e4 \u201dev\u00e4t luonnollisesti paikallaan\u201d-asetuksessa todetaan: \u201dHait eiv\u00e4t ole perinteinen eurooppalainen ruoka, mutta ne ovat v\u00e4ltt\u00e4m\u00e4t\u00f6n osa Euroopan merien ekosysteemej\u00e4\u201d. On vihdoin aika ryhty\u00e4 johdonmukaisiin toimiin Euroopassa haiden ja valtamerten suojelemiseksi! Siksi pyyd\u00e4mme teit\u00e4 tukemaan t\u00e4t\u00e4 tilaisuutta laajentaa lains\u00e4\u00e4d\u00e4nt\u00f6\u00e4 Euroopan unionissa merien suojelemiseksi.<\/p>\n<p>Tue meit\u00e4 osoitteessa <a href=\"https:\/\/eci.ec.europa.eu\/012\/public\" target=\"_blank\" rel=\"noopener noreferrer\">https:\/\/eci.ec.europa.eu\/012\/public<\/a><\/p>\n<\/div><div class=\"fusion-clearfix\"><\/div><\/div><\/div><div class=\"fusion-layout-column fusion_builder_column fusion-builder-column-3 fusion_builder_column_1_1 1_1 fusion-one-full fusion-column-first fusion-column-last\" style=\"margin-top:0px;margin-bottom:20px;\"><div class=\"fusion-column-wrapper fusion-flex-column-wrapper-legacy\" style=\"background-position:left top;background-repeat:no-repeat;-webkit-background-size:cover;-moz-background-size:cover;-o-background-size:cover;background-size:cover;padding: 0px 0px 0px 0px;\"><div class=\"fusion-sep-clear\"><\/div><div class=\"fusion-separator fusion-full-width-sep\" style=\"margin-left: auto;margin-right: auto;width:100%;\"><div class=\"fusion-separator-border sep-single sep-solid\" style=\"border-color:#3e3e3e;border-top-width:1px;\"><\/div><\/div><div class=\"fusion-sep-clear\"><\/div><div class=\"fusion-text fusion-text-5\"><h6><sup>[1]<\/sup> \u00a0\u00a0 IUCN Shark Specialist Group, Frequently Asked Questions: Sharks, Rays, and chimaeras; <a href=\"https:\/\/www.iucnssg.org\/faqs.html\" target=\"_blank\" rel=\"noopener noreferrer\">https:\/\/www.iucnssg.org\/faqs.html<\/a>.<\/h6>\n<h6><sup>[2]<\/sup> \u00a0\u00a0 Kimley, Peter A. Peter, The Biology of Sharks and Rays, 2013, S. 451.<\/h6>\n<h6><sup>[3]<\/sup> \u00a0\u00a0 REGULATION (EU) No 605\/2013 OF THE EUROPEAN PARLIAMENT AND OF THE COUNCIL of 12 June 2013.<\/h6>\n<h6><sup>[4]<\/sup> \u00a0\u00a0 Bericht der Knorpelfisch-Arbeitsgruppe des International Council for the Exploration of the Sea (ICES), 2018. F\u00fcr die Berechnung der Anzahl Tiere wurde ein durchschnittliches Gewicht von etwa 30 Kilogramm pro Blauhai angenommen.<\/h6>\n<h6><sup>[5]<\/sup> \u00a0\u00a0 IUCN Einstufung als \u201cNear Threatened\u201d \/ \u201can der Grenze zu bedroht\u201d auf <a href=\"https:\/\/www.iucnredlist.org\/species\/39381\/48924261\" target=\"_blank\" rel=\"noopener noreferrer\">https:\/\/www.iucnredlist.org\/species\/39381\/48924261<\/a>.<\/h6>\n<h6><sup>[6]<\/sup> \u00a0\u00a0 Felix Dent, Shelley Clarke; State of the global market for shark products;FAO FISHERIES AND AQUACULTURE TECHNICAL PAPER 590; Rom 2015; Seite 71ff.<\/h6>\n<h6><sup>[7]<\/sup> \u00a0\u00a0 Beobachterquote auf spanischen Langleinenflotten die im Atlantik Schwertfisch und Blauhai fangen betr\u00e4gt lediglich 1-3%;\u00a0 North and South Atlantic swordfish Spanish longline fishery; MSC Public Comment Draft Report, Volume 1; October 2016; Seite 44 pp .<\/h6>\n<h6><sup>[8]<\/sup> \u00a0\u00a0 Einmal vom K\u00f6rper getrennt, l\u00e4sst sich kaum noch feststellen, von welchem Tier die Flosse stammt. Ebenso betroffen wie die Haie sind deshalb \u00fcbrigens auch Rochen: Wainwright, B.J., Ip, Y.C.A., Neo, M.L. et al. Conserv Gene, DNA barcoding of traded shark fins, meat and mobulid gill plates in Singapore uncovers numerous threatened species, 2018.<\/h6>\n<\/div><div class=\"fusion-clearfix\"><\/div><\/div><\/div><\/div><\/div><\/p>\n","protected":false},"excerpt":{"rendered":"","protected":false},"author":6,"featured_media":0,"parent":0,"menu_order":0,"comment_status":"closed","ping_status":"closed","template":"100-width.php","meta":[],"yoast_head":"<!-- This site is optimized with the Yoast SEO plugin v18.1 - https:\/\/yoast.com\/wordpress\/plugins\/seo\/ -->\n<title>Kysynt\u00e4 - STOP FINNING<\/title>\n<meta name=\"robots\" content=\"index, follow, max-snippet:-1, max-image-preview:large, max-video-preview:-1\" \/>\n<link rel=\"canonical\" href=\"https:\/\/dev.stop-finning-eu.org\/fi\/kysynta\/\" \/>\n<meta property=\"og:locale\" content=\"fi_FI\" \/>\n<meta property=\"og:type\" content=\"article\" \/>\n<meta property=\"og:title\" content=\"Kysynt\u00e4 - STOP FINNING\" \/>\n<meta property=\"og:url\" content=\"https:\/\/dev.stop-finning-eu.org\/fi\/kysynta\/\" \/>\n<meta property=\"og:site_name\" content=\"STOP FINNING\" \/>\n<meta property=\"article:modified_time\" content=\"2022-02-14T19:53:38+00:00\" \/>\n<meta property=\"og:image\" content=\"https:\/\/dev.stop-finning-eu.org\/wp-content\/uploads\/2020\/02\/stop_finning_eu-en-1024x724.jpg\" \/>\n\t<meta property=\"og:image:width\" content=\"1024\" \/>\n\t<meta property=\"og:image:height\" content=\"724\" \/>\n\t<meta property=\"og:image:type\" content=\"image\/jpeg\" \/>\n<meta name=\"twitter:card\" content=\"summary_large_image\" \/>\n<meta name=\"twitter:label1\" content=\"Arvioitu lukuaika\" \/>\n\t<meta name=\"twitter:data1\" content=\"9 minuuttia\" \/>\n<script type=\"application\/ld+json\" class=\"yoast-schema-graph\">{\"@context\":\"https:\/\/schema.org\",\"@graph\":[{\"@type\":\"WebSite\",\"@id\":\"https:\/\/dev.stop-finning-eu.org\/#website\",\"url\":\"https:\/\/dev.stop-finning-eu.org\/\",\"name\":\"STOP FINNING\",\"description\":\"It\u00b4s time for Europe to act!\",\"potentialAction\":[{\"@type\":\"SearchAction\",\"target\":{\"@type\":\"EntryPoint\",\"urlTemplate\":\"https:\/\/dev.stop-finning-eu.org\/?s={search_term_string}\"},\"query-input\":\"required name=search_term_string\"}],\"inLanguage\":\"fi\"},{\"@type\":\"WebPage\",\"@id\":\"https:\/\/dev.stop-finning-eu.org\/fi\/kysynta\/#webpage\",\"url\":\"https:\/\/dev.stop-finning-eu.org\/fi\/kysynta\/\",\"name\":\"Kysynt\u00e4 - STOP FINNING\",\"isPartOf\":{\"@id\":\"https:\/\/dev.stop-finning-eu.org\/#website\"},\"datePublished\":\"2019-07-22T09:33:37+00:00\",\"dateModified\":\"2022-02-14T19:53:38+00:00\",\"breadcrumb\":{\"@id\":\"https:\/\/dev.stop-finning-eu.org\/fi\/kysynta\/#breadcrumb\"},\"inLanguage\":\"fi\",\"potentialAction\":[{\"@type\":\"ReadAction\",\"target\":[\"https:\/\/dev.stop-finning-eu.org\/fi\/kysynta\/\"]}]},{\"@type\":\"BreadcrumbList\",\"@id\":\"https:\/\/dev.stop-finning-eu.org\/fi\/kysynta\/#breadcrumb\",\"itemListElement\":[{\"@type\":\"ListItem\",\"position\":1,\"name\":\"Startseite\",\"item\":\"https:\/\/dev.stop-finning-eu.org\/fi\/\"},{\"@type\":\"ListItem\",\"position\":2,\"name\":\"Kysynt\u00e4\"}]}]}<\/script>\n<!-- \/ Yoast SEO plugin. -->","yoast_head_json":{"title":"Kysynt\u00e4 - STOP FINNING","robots":{"index":"index","follow":"follow","max-snippet":"max-snippet:-1","max-image-preview":"max-image-preview:large","max-video-preview":"max-video-preview:-1"},"canonical":"https:\/\/dev.stop-finning-eu.org\/fi\/kysynta\/","og_locale":"fi_FI","og_type":"article","og_title":"Kysynt\u00e4 - STOP FINNING","og_url":"https:\/\/dev.stop-finning-eu.org\/fi\/kysynta\/","og_site_name":"STOP FINNING","article_modified_time":"2022-02-14T19:53:38+00:00","og_image":[{"width":1024,"height":724,"url":"https:\/\/dev.stop-finning-eu.org\/wp-content\/uploads\/2020\/02\/stop_finning_eu-en-1024x724.jpg","type":"image\/jpeg"}],"twitter_card":"summary_large_image","twitter_misc":{"Arvioitu lukuaika":"9 minuuttia"},"schema":{"@context":"https:\/\/schema.org","@graph":[{"@type":"WebSite","@id":"https:\/\/dev.stop-finning-eu.org\/#website","url":"https:\/\/dev.stop-finning-eu.org\/","name":"STOP FINNING","description":"It\u00b4s time for Europe to act!","potentialAction":[{"@type":"SearchAction","target":{"@type":"EntryPoint","urlTemplate":"https:\/\/dev.stop-finning-eu.org\/?s={search_term_string}"},"query-input":"required name=search_term_string"}],"inLanguage":"fi"},{"@type":"WebPage","@id":"https:\/\/dev.stop-finning-eu.org\/fi\/kysynta\/#webpage","url":"https:\/\/dev.stop-finning-eu.org\/fi\/kysynta\/","name":"Kysynt\u00e4 - STOP FINNING","isPartOf":{"@id":"https:\/\/dev.stop-finning-eu.org\/#website"},"datePublished":"2019-07-22T09:33:37+00:00","dateModified":"2022-02-14T19:53:38+00:00","breadcrumb":{"@id":"https:\/\/dev.stop-finning-eu.org\/fi\/kysynta\/#breadcrumb"},"inLanguage":"fi","potentialAction":[{"@type":"ReadAction","target":["https:\/\/dev.stop-finning-eu.org\/fi\/kysynta\/"]}]},{"@type":"BreadcrumbList","@id":"https:\/\/dev.stop-finning-eu.org\/fi\/kysynta\/#breadcrumb","itemListElement":[{"@type":"ListItem","position":1,"name":"Startseite","item":"https:\/\/dev.stop-finning-eu.org\/fi\/"},{"@type":"ListItem","position":2,"name":"Kysynt\u00e4"}]}]}},"_links":{"self":[{"href":"https:\/\/dev.stop-finning-eu.org\/fi\/wp-json\/wp\/v2\/pages\/5886"}],"collection":[{"href":"https:\/\/dev.stop-finning-eu.org\/fi\/wp-json\/wp\/v2\/pages"}],"about":[{"href":"https:\/\/dev.stop-finning-eu.org\/fi\/wp-json\/wp\/v2\/types\/page"}],"author":[{"embeddable":true,"href":"https:\/\/dev.stop-finning-eu.org\/fi\/wp-json\/wp\/v2\/users\/6"}],"replies":[{"embeddable":true,"href":"https:\/\/dev.stop-finning-eu.org\/fi\/wp-json\/wp\/v2\/comments?post=5886"}],"version-history":[{"count":1,"href":"https:\/\/dev.stop-finning-eu.org\/fi\/wp-json\/wp\/v2\/pages\/5886\/revisions"}],"predecessor-version":[{"id":12056,"href":"https:\/\/dev.stop-finning-eu.org\/fi\/wp-json\/wp\/v2\/pages\/5886\/revisions\/12056"}],"wp:attachment":[{"href":"https:\/\/dev.stop-finning-eu.org\/fi\/wp-json\/wp\/v2\/media?parent=5886"}],"curies":[{"name":"wp","href":"https:\/\/api.w.org\/{rel}","templated":true}]}}